{"id":2324,"date":"2024-07-09T14:40:00","date_gmt":"2024-07-09T12:40:00","guid":{"rendered":"https:\/\/groupe-sfimmo.ch\/erfahrungsberichte\/"},"modified":"2024-08-21T19:06:54","modified_gmt":"2024-08-21T17:06:54","slug":"erfahrungsberichte","status":"publish","type":"page","link":"https:\/\/groupe-sfimmo.ch\/de\/erfahrungsberichte\/","title":{"rendered":"Erfahrungsberichte"},"content":{"rendered":"\n<div \n     class=\"\n        content-wrapper \n        content-wrapper--padding-top-none        content-wrapper--padding-bottom-none \n        content-wrapper--background-color-white \n         \n         \n         \n         \n                \n        banner-slider        \n    \">\n    <div class=\"content-wrapper__anchor\" id=\"\"><\/div>\n    <div class=\"container-fluid \" style=\"margin-top: px; margin-bottom: px;\">\n        <div class=\"acf-innerblocks-container\">\n\n<div \n    class=\"image-module  content-block \">\n            <div class=\"image-module__image\">\n                            <div \n                    class=\"image-module__image__background image-module__image__background--landscape lazyload\n                                        \" \n                    data-bg=\"https:\/\/groupe-sfimmo.ch\/wp-content\/uploads\/sites\/37\/2024\/07\/Immobilier_references-1920x855.jpg\">\n                <\/div>\n                    <\/div>\n    <\/div>\n\n<\/div>\n    <\/div>\n<\/div>\n<div \n     class=\"\n        content-wrapper \n        content-wrapper--padding-top-default        content-wrapper--padding-bottom-small \n        content-wrapper--background-color-white \n         \n         \n         \n         \n                \n                \n    \">\n    <div class=\"content-wrapper__anchor\" id=\"\"><\/div>\n    <div class=\"container \" style=\"margin-top: px; margin-bottom: px;\">\n        <div class=\"acf-innerblocks-container\">\n\n<div class=\"wp-block-columns is-layout-flex wp-container-core-columns-is-layout-28f84493 wp-block-columns-is-layout-flex\">\n<div class=\"wp-block-column is-layout-flow wp-block-column-is-layout-flow\" style=\"flex-basis:10%\"><\/div>\n\n\n\n<div class=\"wp-block-column is-layout-flow wp-block-column-is-layout-flow\"><div class=\"text-module content-block\">\n            <div class=\"text-module__text cs-text-thin \"> \n            <h4>Erfahrungsberichte<\/h4>\n        <\/div>\n        <\/div>\n\n\n<div class=\"text-module content-block\">\n            <div class=\"text-module__text cs-text-thin \"> \n            <h1>Unsere Kunden berichten \u00fcber ihre Erfahrungen<\/h1>\n        <\/div>\n        <\/div>\n<\/div>\n\n\n\n<div class=\"wp-block-column is-layout-flow wp-block-column-is-layout-flow\" style=\"flex-basis:10%\"><\/div>\n<\/div>\n\n<\/div>\n    <\/div>\n<\/div>\n<div \n     class=\"\n        content-wrapper \n        content-wrapper--padding-top-default        content-wrapper--padding-bottom-small \n        content-wrapper--background-color-primary \n         \n         \n         \n         \n                \n                \n    \">\n    <div class=\"content-wrapper__anchor\" id=\"\"><\/div>\n    <div class=\"container \" style=\"margin-top: px; margin-bottom: px;\">\n        <div class=\"acf-innerblocks-container\">\n<div class=\"testimonials-module\">\n                <div class=\"testimonials-module__testimonials testimonials-module__testimonials--odd horizontal-gap-lg row\">\n                                    <div class=\"col-lg-4\">\n                                                    <!-- multicol testimonials -->\n                            <div class=\"testimonials-module__testimonials__testimonial margin-bottom-lg\">\n                                <div class=\"testimonials-module__testimonials__testimonial__inner\">\n                                    <p>\u00ab Ausgezeichnete Agentur, die von gro\u00dfartigen Profis gef\u00fchrt wird. Danke an den Direktor f\u00fcr sein Zuh\u00f6ren und seine guten Ratschl\u00e4ge. Ich empfehle es weiter. \u00bb<\/p>\n                                    <div class=\"testimonials-module__testimonials__testimonial__inner__content margin-bottom-md \">\n                                                                                    <div class=\"testimonials-module__quote_icon\">\n                                                <svg width=\"32px\" height=\"25px\" viewBox=\"0 0 32 25\" version=\"1.1\" xmlns=\"http:\/\/www.w3.org\/2000\/svg\" xmlns:xlink=\"http:\/\/www.w3.org\/1999\/xlink\">\n                                                    <title>Quote<\/title>\n                                                    <g stroke=\"none\" stroke-width=\"1\" fill=\"none\" fill-rule=\"evenodd\">\n                                                        <g transform=\"translate(0.000000, 0.598145)\" fill=\"#8B79E7\" fill-rule=\"nonzero\">\n                                                            <path d=\"M6.85714,-5.55111512e-16 C3.07,-5.55111512e-16 0,3.091415 0,7.049305 C0,11.007155 3.07,14.098655 6.85714,14.098655 C7.66286,14.098655 8.425,13.929355 9.14286,13.666955 L9.14286,14.098655 C9.14286,16.690655 7.09286,18.798155 4.57143,18.798155 C3.30929,18.798155 2.28571,19.850355 2.28571,21.147955 C2.28571,22.445455 3.30929,23.497655 4.57143,23.497655 C9.61286,23.497655 13.7143,19.281355 13.7143,14.098655 L13.7143,7.049305 C13.7143,3.091415 10.6429,-5.55111512e-16 6.85714,-5.55111512e-16 Z M32,7.049305 C32,3.156035 28.93,-5.55111512e-16 25.1429,-5.55111512e-16 C21.3557,-5.55111512e-16 18.2857,3.156035 18.2857,7.049305 C18.2857,10.942555 21.3557,14.098655 25.1429,14.098655 C25.9486,14.098655 26.7107,13.929355 27.4286,13.666955 L27.4286,14.098655 C27.4286,16.690655 25.3786,18.798155 22.8571,18.798155 C21.595,18.798155 20.5714,19.850355 20.5714,21.147955 C20.5714,22.445455 21.595,23.497655 22.8571,23.497655 C27.8986,23.497655 32,19.281355 32,14.098655 L32,7.049305 Z\" id=\"Shape\"><\/path>\n                                                        <\/g>\n                                                    <\/g>\n                                                <\/svg>\n                                            <\/div>\n                                                                                <h3 class=\"\">\n                                            D. Combe                                        <\/h3>\n                                                                                \n                                    <\/div>\n                                <\/div>\n                            <\/div>\n                                                \n                    <\/div>\n                                    <div class=\"col-lg-4\">\n                                                    <!-- multicol testimonials -->\n                            <div class=\"testimonials-module__testimonials__testimonial margin-bottom-lg\">\n                                <div class=\"testimonials-module__testimonials__testimonial__inner\">\n                                    <p>\u00ab Seit vielen Jahren in der Immobilienbranche t\u00e4tig, war ich selten so zufrieden mit einer Agentur. Das gesamte Team ist top-professionell. Da meine Immobilien in guten H\u00e4nden sind, gibt es kein Z\u00f6gern bei den n\u00e4chsten.\u00bb<\/p>\n                                    <div class=\"testimonials-module__testimonials__testimonial__inner__content margin-bottom-md \">\n                                                                                    <div class=\"testimonials-module__quote_icon\">\n                                                <svg width=\"32px\" height=\"25px\" viewBox=\"0 0 32 25\" version=\"1.1\" xmlns=\"http:\/\/www.w3.org\/2000\/svg\" xmlns:xlink=\"http:\/\/www.w3.org\/1999\/xlink\">\n                                                    <title>Quote<\/title>\n                                                    <g stroke=\"none\" stroke-width=\"1\" fill=\"none\" fill-rule=\"evenodd\">\n                                                        <g transform=\"translate(0.000000, 0.598145)\" fill=\"#8B79E7\" fill-rule=\"nonzero\">\n                                                            <path d=\"M6.85714,-5.55111512e-16 C3.07,-5.55111512e-16 0,3.091415 0,7.049305 C0,11.007155 3.07,14.098655 6.85714,14.098655 C7.66286,14.098655 8.425,13.929355 9.14286,13.666955 L9.14286,14.098655 C9.14286,16.690655 7.09286,18.798155 4.57143,18.798155 C3.30929,18.798155 2.28571,19.850355 2.28571,21.147955 C2.28571,22.445455 3.30929,23.497655 4.57143,23.497655 C9.61286,23.497655 13.7143,19.281355 13.7143,14.098655 L13.7143,7.049305 C13.7143,3.091415 10.6429,-5.55111512e-16 6.85714,-5.55111512e-16 Z M32,7.049305 C32,3.156035 28.93,-5.55111512e-16 25.1429,-5.55111512e-16 C21.3557,-5.55111512e-16 18.2857,3.156035 18.2857,7.049305 C18.2857,10.942555 21.3557,14.098655 25.1429,14.098655 C25.9486,14.098655 26.7107,13.929355 27.4286,13.666955 L27.4286,14.098655 C27.4286,16.690655 25.3786,18.798155 22.8571,18.798155 C21.595,18.798155 20.5714,19.850355 20.5714,21.147955 C20.5714,22.445455 21.595,23.497655 22.8571,23.497655 C27.8986,23.497655 32,19.281355 32,14.098655 L32,7.049305 Z\" id=\"Shape\"><\/path>\n                                                        <\/g>\n                                                    <\/g>\n                                                <\/svg>\n                                            <\/div>\n                                                                                <h3 class=\"\">\n                                            S. Guenin                                        <\/h3>\n                                                                                \n                                    <\/div>\n                                <\/div>\n                            <\/div>\n                                                \n                    <\/div>\n                                    <div class=\"col-lg-4\">\n                                                    <!-- multicol testimonials -->\n                            <div class=\"testimonials-module__testimonials__testimonial margin-bottom-lg\">\n                                <div class=\"testimonials-module__testimonials__testimonial__inner\">\n                                    <p>\u00ab Ma\u00dfgeschneiderte Beratung, professionelle und schnelle Interventionen. Gro\u00dfe Verf\u00fcgbarkeit und wettbewerbsf\u00e4hige Preise, z\u00f6gern Sie nicht, sich an dieses Unternehmen zu wenden, das ich nur empfehlen kann.\u00bb<\/p>\n                                    <div class=\"testimonials-module__testimonials__testimonial__inner__content margin-bottom-md \">\n                                                                                    <div class=\"testimonials-module__quote_icon\">\n                                                <svg width=\"32px\" height=\"25px\" viewBox=\"0 0 32 25\" version=\"1.1\" xmlns=\"http:\/\/www.w3.org\/2000\/svg\" xmlns:xlink=\"http:\/\/www.w3.org\/1999\/xlink\">\n                                                    <title>Quote<\/title>\n                                                    <g stroke=\"none\" stroke-width=\"1\" fill=\"none\" fill-rule=\"evenodd\">\n                                                        <g transform=\"translate(0.000000, 0.598145)\" fill=\"#8B79E7\" fill-rule=\"nonzero\">\n                                                            <path d=\"M6.85714,-5.55111512e-16 C3.07,-5.55111512e-16 0,3.091415 0,7.049305 C0,11.007155 3.07,14.098655 6.85714,14.098655 C7.66286,14.098655 8.425,13.929355 9.14286,13.666955 L9.14286,14.098655 C9.14286,16.690655 7.09286,18.798155 4.57143,18.798155 C3.30929,18.798155 2.28571,19.850355 2.28571,21.147955 C2.28571,22.445455 3.30929,23.497655 4.57143,23.497655 C9.61286,23.497655 13.7143,19.281355 13.7143,14.098655 L13.7143,7.049305 C13.7143,3.091415 10.6429,-5.55111512e-16 6.85714,-5.55111512e-16 Z M32,7.049305 C32,3.156035 28.93,-5.55111512e-16 25.1429,-5.55111512e-16 C21.3557,-5.55111512e-16 18.2857,3.156035 18.2857,7.049305 C18.2857,10.942555 21.3557,14.098655 25.1429,14.098655 C25.9486,14.098655 26.7107,13.929355 27.4286,13.666955 L27.4286,14.098655 C27.4286,16.690655 25.3786,18.798155 22.8571,18.798155 C21.595,18.798155 20.5714,19.850355 20.5714,21.147955 C20.5714,22.445455 21.595,23.497655 22.8571,23.497655 C27.8986,23.497655 32,19.281355 32,14.098655 L32,7.049305 Z\" id=\"Shape\"><\/path>\n                                                        <\/g>\n                                                    <\/g>\n                                                <\/svg>\n                                            <\/div>\n                                                                                <h3 class=\"\">\n                                            W. Koller                                        <\/h3>\n                                                                                \n                                    <\/div>\n                                <\/div>\n                            <\/div>\n                                                \n                    <\/div>\n                            <\/div>\n    <\/div>\n\n<\/div>\n    <\/div>\n<\/div>","protected":false},"excerpt":{"rendered":"","protected":false},"author":23,"featured_media":0,"parent":0,"menu_order":0,"comment_status":"closed","ping_status":"closed","template":"","meta":{"_acf_changed":false,"inline_featured_image":false,"footnotes":""},"class_list":["post-2324","page","type-page","status-publish","hentry"],"acf":[],"yoast_head":"<!-- This site is optimized with the Yoast SEO plugin v27.3 - https:\/\/yoast.com\/product\/yoast-seo-wordpress\/ -->\n<title>Erfahrungsberichte - Groupe SF Immo<\/title>\n<meta name=\"robots\" content=\"index, follow, max-snippet:-1, max-image-preview:large, max-video-preview:-1\" \/>\n<link rel=\"canonical\" href=\"https:\/\/groupe-sfimmo.ch\/de\/erfahrungsberichte\/\" \/>\n<meta property=\"og:locale\" content=\"de_DE\" \/>\n<meta property=\"og:type\" content=\"article\" \/>\n<meta property=\"og:title\" content=\"Erfahrungsberichte - Groupe SF Immo\" \/>\n<meta property=\"og:url\" content=\"https:\/\/groupe-sfimmo.ch\/de\/erfahrungsberichte\/\" \/>\n<meta property=\"og:site_name\" content=\"Groupe SF Immo\" \/>\n<meta property=\"article:modified_time\" content=\"2024-08-21T17:06:54+00:00\" \/>\n<meta name=\"twitter:card\" content=\"summary_large_image\" \/>\n<script type=\"application\/ld+json\" class=\"yoast-schema-graph\">{\"@context\":\"https:\\\/\\\/schema.org\",\"@graph\":[{\"@type\":\"WebPage\",\"@id\":\"https:\\\/\\\/groupe-sfimmo.ch\\\/de\\\/erfahrungsberichte\\\/\",\"url\":\"https:\\\/\\\/groupe-sfimmo.ch\\\/de\\\/erfahrungsberichte\\\/\",\"name\":\"Erfahrungsberichte - Groupe SF Immo\",\"isPartOf\":{\"@id\":\"https:\\\/\\\/groupe-sfimmo.ch\\\/de\\\/#website\"},\"datePublished\":\"2024-07-09T12:40:00+00:00\",\"dateModified\":\"2024-08-21T17:06:54+00:00\",\"inLanguage\":\"de\",\"potentialAction\":[{\"@type\":\"ReadAction\",\"target\":[\"https:\\\/\\\/groupe-sfimmo.ch\\\/de\\\/erfahrungsberichte\\\/\"]}]},{\"@type\":\"WebSite\",\"@id\":\"https:\\\/\\\/groupe-sfimmo.ch\\\/de\\\/#website\",\"url\":\"https:\\\/\\\/groupe-sfimmo.ch\\\/de\\\/\",\"name\":\"Groupe SF Immo\",\"description\":\"\",\"publisher\":{\"@id\":\"https:\\\/\\\/groupe-sfimmo.ch\\\/de\\\/#organization\"},\"potentialAction\":[{\"@type\":\"SearchAction\",\"target\":{\"@type\":\"EntryPoint\",\"urlTemplate\":\"https:\\\/\\\/groupe-sfimmo.ch\\\/de\\\/?s={search_term_string}\"},\"query-input\":{\"@type\":\"PropertyValueSpecification\",\"valueRequired\":true,\"valueName\":\"search_term_string\"}}],\"inLanguage\":\"de\"},{\"@type\":\"Organization\",\"@id\":\"https:\\\/\\\/groupe-sfimmo.ch\\\/de\\\/#organization\",\"name\":\"Groupe SF Immo\",\"url\":\"https:\\\/\\\/groupe-sfimmo.ch\\\/de\\\/\",\"logo\":{\"@type\":\"ImageObject\",\"inLanguage\":\"de\",\"@id\":\"https:\\\/\\\/groupe-sfimmo.ch\\\/de\\\/#\\\/schema\\\/logo\\\/image\\\/\",\"url\":\"https:\\\/\\\/groupe-sfimmo.ch\\\/wp-content\\\/uploads\\\/sites\\\/37\\\/2025\\\/09\\\/25_Groupe-SF-Immo-SA-1.svg\",\"contentUrl\":\"https:\\\/\\\/groupe-sfimmo.ch\\\/wp-content\\\/uploads\\\/sites\\\/37\\\/2025\\\/09\\\/25_Groupe-SF-Immo-SA-1.svg\",\"width\":1317,\"height\":451,\"caption\":\"Groupe SF Immo\"},\"image\":{\"@id\":\"https:\\\/\\\/groupe-sfimmo.ch\\\/de\\\/#\\\/schema\\\/logo\\\/image\\\/\"}}]}<\/script>\n<!-- \/ Yoast SEO plugin. -->","yoast_head_json":{"title":"Erfahrungsberichte - Groupe SF Immo","robots":{"index":"index","follow":"follow","max-snippet":"max-snippet:-1","max-image-preview":"max-image-preview:large","max-video-preview":"max-video-preview:-1"},"canonical":"https:\/\/groupe-sfimmo.ch\/de\/erfahrungsberichte\/","og_locale":"de_DE","og_type":"article","og_title":"Erfahrungsberichte - Groupe SF Immo","og_url":"https:\/\/groupe-sfimmo.ch\/de\/erfahrungsberichte\/","og_site_name":"Groupe SF Immo","article_modified_time":"2024-08-21T17:06:54+00:00","twitter_card":"summary_large_image","schema":{"@context":"https:\/\/schema.org","@graph":[{"@type":"WebPage","@id":"https:\/\/groupe-sfimmo.ch\/de\/erfahrungsberichte\/","url":"https:\/\/groupe-sfimmo.ch\/de\/erfahrungsberichte\/","name":"Erfahrungsberichte - Groupe SF Immo","isPartOf":{"@id":"https:\/\/groupe-sfimmo.ch\/de\/#website"},"datePublished":"2024-07-09T12:40:00+00:00","dateModified":"2024-08-21T17:06:54+00:00","inLanguage":"de","potentialAction":[{"@type":"ReadAction","target":["https:\/\/groupe-sfimmo.ch\/de\/erfahrungsberichte\/"]}]},{"@type":"WebSite","@id":"https:\/\/groupe-sfimmo.ch\/de\/#website","url":"https:\/\/groupe-sfimmo.ch\/de\/","name":"Groupe SF Immo","description":"","publisher":{"@id":"https:\/\/groupe-sfimmo.ch\/de\/#organization"},"potentialAction":[{"@type":"SearchAction","target":{"@type":"EntryPoint","urlTemplate":"https:\/\/groupe-sfimmo.ch\/de\/?s={search_term_string}"},"query-input":{"@type":"PropertyValueSpecification","valueRequired":true,"valueName":"search_term_string"}}],"inLanguage":"de"},{"@type":"Organization","@id":"https:\/\/groupe-sfimmo.ch\/de\/#organization","name":"Groupe SF Immo","url":"https:\/\/groupe-sfimmo.ch\/de\/","logo":{"@type":"ImageObject","inLanguage":"de","@id":"https:\/\/groupe-sfimmo.ch\/de\/#\/schema\/logo\/image\/","url":"https:\/\/groupe-sfimmo.ch\/wp-content\/uploads\/sites\/37\/2025\/09\/25_Groupe-SF-Immo-SA-1.svg","contentUrl":"https:\/\/groupe-sfimmo.ch\/wp-content\/uploads\/sites\/37\/2025\/09\/25_Groupe-SF-Immo-SA-1.svg","width":1317,"height":451,"caption":"Groupe SF Immo"},"image":{"@id":"https:\/\/groupe-sfimmo.ch\/de\/#\/schema\/logo\/image\/"}}]}},"_links":{"self":[{"href":"https:\/\/groupe-sfimmo.ch\/de\/wp-json\/wp\/v2\/pages\/2324","targetHints":{"allow":["GET"]}}],"collection":[{"href":"https:\/\/groupe-sfimmo.ch\/de\/wp-json\/wp\/v2\/pages"}],"about":[{"href":"https:\/\/groupe-sfimmo.ch\/de\/wp-json\/wp\/v2\/types\/page"}],"author":[{"embeddable":true,"href":"https:\/\/groupe-sfimmo.ch\/de\/wp-json\/wp\/v2\/users\/23"}],"replies":[{"embeddable":true,"href":"https:\/\/groupe-sfimmo.ch\/de\/wp-json\/wp\/v2\/comments?post=2324"}],"version-history":[{"count":0,"href":"https:\/\/groupe-sfimmo.ch\/de\/wp-json\/wp\/v2\/pages\/2324\/revisions"}],"wp:attachment":[{"href":"https:\/\/groupe-sfimmo.ch\/de\/wp-json\/wp\/v2\/media?parent=2324"}],"curies":[{"name":"wp","href":"https:\/\/api.w.org\/{rel}","templated":true}]}}