{"id":2318,"date":"2023-03-06T16:26:58","date_gmt":"2023-03-06T15:26:58","guid":{"rendered":"https:\/\/groupe-sfimmo.ch\/suchprofil\/"},"modified":"2024-08-21T18:55:53","modified_gmt":"2024-08-21T16:55:53","slug":"suchprofil","status":"publish","type":"page","link":"https:\/\/groupe-sfimmo.ch\/de\/suchprofil\/","title":{"rendered":"Suchprofil"},"content":{"rendered":"\n<div \n     class=\"\n        content-wrapper \n        content-wrapper--padding-top-none        content-wrapper--padding-bottom-none \n        content-wrapper--background-color-white \n         \n         \n         \n         \n                \n        banner-slider        \n    \">\n    <div class=\"content-wrapper__anchor\" id=\"\"><\/div>\n    <div class=\"container-fluid \" style=\"margin-top: px; margin-bottom: px;\">\n        <div class=\"acf-innerblocks-container\">\n\n<div \n    class=\"image-module  content-block \">\n            <div class=\"image-module__image\">\n                            <div \n                    class=\"image-module__image__background image-module__image__background--landscape lazyload\n                                        \" \n                    data-bg=\"https:\/\/groupe-sfimmo.ch\/wp-content\/uploads\/sites\/37\/2024\/07\/Immobilier_profil_recherche-1920x1280.jpg\">\n                <\/div>\n                    <\/div>\n    <\/div>\n\n\n\n<div \n     class=\"\n        content-wrapper \n        content-wrapper--padding-top-default        content-wrapper--padding-bottom-default \n        content-wrapper--background-color-white \n         \n         \n         \n         \n                \n                \n    \">\n    <div class=\"content-wrapper__anchor\" id=\"\"><\/div>\n    <div class=\"container \" style=\"margin-top: px; margin-bottom: px;\">\n        <div class=\"acf-innerblocks-container\">\n<div class=\"buttons-module  content-block \">\n            <div class=\"buttons-module__buttons\">\n                                                                                                                <a \n                        class=\"btn btn-primary \" \n                        href=\"\/fr\/immobilien\/?availabilities[0]=activeavailabilities[1]=takenavailabilities[2]=reserved\" \n                                            >\n                        Sie finden unser<br>aktuelles Angebot hier                    <\/a>\n                                    <\/div>\n    <\/div>\n\n<\/div>\n    <\/div>\n<\/div>\n<\/div>\n    <\/div>\n<\/div>\n<div \n     class=\"\n        content-wrapper \n        content-wrapper--padding-top-default        content-wrapper--padding-bottom-small \n        content-wrapper--background-color-white \n         \n         \n         \n         \n                \n                \n    \">\n    <div class=\"content-wrapper__anchor\" id=\"\"><\/div>\n    <div class=\"container \" style=\"margin-top: px; margin-bottom: px;\">\n        <div class=\"acf-innerblocks-container\">\n\n<div class=\"wp-block-columns is-layout-flex wp-container-core-columns-is-layout-28f84493 wp-block-columns-is-layout-flex\">\n<div class=\"wp-block-column is-layout-flow wp-block-column-is-layout-flow\" style=\"flex-basis:16%\"><\/div>\n\n\n\n<div class=\"wp-block-column is-layout-flow wp-block-column-is-layout-flow\"><div class=\"text-module content-block\">\n            <div class=\"text-module__text cs-text-thin \"> \n            <h4>Suchprofil<\/h4>\n<h1>Finden Sie Ihre Traumimmobilie<\/h1>\n        <\/div>\n        <\/div>\n\n\n<div class=\"text-module content-block\">\n            <div class=\"text-module__text cs-text-thin  text-module__text--offset \"> \n            <p>Sind Sie auf der Suche nach einer Immobilie? Zur Miete oder zum Kauf? F\u00fcllen Sie unser untenstehendes Formular aus und wir werden Sie in unsere Datenbank aufnehmen, um Ihnen unsere n\u00e4chsten Immobilien vorzuschlagen, die Ihrer Suche entsprechen k\u00f6nnten? Ma\u00dfgeschneiderter Service<br \/>Sie m\u00f6chten Zeit sparen und m\u00f6chten, dass wir die Suche nach Ihrer zuk\u00fcnftigen Wohnung f\u00fcr Sie \u00fcbernehmen? Kontaktieren Sie uns f\u00fcr ein ma\u00dfgeschneidertes Angebot. <\/p>\n        <\/div>\n        <\/div>\n<\/div>\n\n\n\n<div class=\"wp-block-column is-layout-flow wp-block-column-is-layout-flow\" style=\"flex-basis:16%\"><\/div>\n<\/div>\n\n<\/div>\n    <\/div>\n<\/div>\n<div \n     class=\"\n        content-wrapper \n        content-wrapper--padding-top-small        content-wrapper--padding-bottom-default \n        content-wrapper--background-color-white \n         \n         \n         \n         \n                \n                \n    \">\n    <div class=\"content-wrapper__anchor\" id=\"\"><\/div>\n    <div class=\"container \" style=\"margin-top: px; margin-bottom: px;\">\n        <div class=\"acf-innerblocks-container\">\n<div class=\"text-module content-block\">\n                                            \n                        <div class=\"custom-form-wrap labels-form\">\n\t\n\t\t\n\t\t\n\t\t<form action=\"https&#x3A;&#x2F;&#x2F;groupe-sfimmo.ch&#x2F;de&#x2F;suchprofil&#x2F;&#x23;casawpPropertyContactForm\" method=\"POST\" name=\"contact\" id=\"casawpPropertyContactForm\" class=\"casawp-contactform-form&#x20;casawp-contactform-form--searchprofile\">\t\t<input type=\"hidden\" id=\"_wpnonce\" name=\"_wpnonce\" value=\"e54a7d109f\" \/><input type=\"hidden\" name=\"_wp_http_referer\" value=\"\/de\/wp-json\/wp\/v2\/pages\/2318\" \/>\t\t<input id=\"theApsoluteRealEmailField\" type=\"text\" name=\"email\" value=\"\" placeholder=\"NlChT8 AuSf$lLeN\">\n\n\t\t<div class=\"row\">\n\t\t\t<div class=\"col-lg-6\">\n\t\t\t\t\n\t\t\t\t<h3 class=\"form-subtitle\">Ihre Kontaktangaben<\/h3>\n\t\t\t\t\n\t\t\t\t<div class=\"row form-row\">\n\t\t\t\t\t<div class=\"col-lg-12\">\n\t\t\t\t\t\t<div class=\"casawp-gender-radios\">\n\t\t\t\t\t\t\t\n<div class=\"form-group  \">\n\t<label for=\"contactFormgender\" class=\"control-label\">Anrede<\/label>\n\t<label><input type=\"radio\" name=\"gender\" class=\"form-control&#x20;casawp-form-control&#x20;\" id=\"contactFormgender\" value=\"2\" checked=\"checked\">Frau<\/label><label><input type=\"radio\" name=\"gender\" class=\"form-control&#x20;casawp-form-control&#x20;\" value=\"1\">Herr<\/label>\t<\/div>\t\t\t\t\t\t<\/div>\n\t\t\t\t\t<\/div>\n\t\t\t\t<\/div>\n\t\t\t\t<div class=\"row form-row is-required\">\n\t\t\t\t\t<div class=\"col-lg-6\">\n\t\t\t\t\t\t\n<div class=\"form-group  \">\n\t<label for=\"contactFormfirstname\" class=\"control-label\">Vorname<\/label>\n\t<input type=\"text\" name=\"firstname\" required=\"required\" class=\"form-control&#x20;casawp-form-control&#x20;\" id=\"contactFormfirstname\" value=\"\">\t<\/div>\t\t\t\t\t<\/div>\n\t\t\t\t\t<div class=\"col-lg-6\">\n\t\t\t\t\t\t\n<div class=\"form-group  \">\n\t<label for=\"contactFormlastname\" class=\"control-label\">Nachname<\/label>\n\t<input type=\"text\" name=\"lastname\" required=\"required\" class=\"form-control&#x20;casawp-form-control&#x20;\" id=\"contactFormlastname\" value=\"\">\t<\/div>\t\t\t\t\t<\/div>\n\t\t\t\t<\/div>\n\t\t\t\t<div class=\"row form-row is-required\">\n\t\t\t\t\t<div class=\"col-lg-12\">\n\t\t\t\t\t\t\n<div class=\"form-group  \">\n\t<label for=\"contactFormlegal_name\" class=\"control-label\">Firma<\/label>\n\t<input type=\"text\" name=\"legal_name\" class=\"form-control&#x20;casawp-form-control&#x20;\" id=\"contactFormlegal_name\" value=\"\">\t<\/div>\t\t\t\t\t<\/div>\n\t\t\t\t<\/div>\n\t\t\t\t<div class=\"row form-row is-required\">\n\t\t\t\t\t<div class=\"col-lg-12\">\n\t\t\t\t\t\t\n<div class=\"form-group  \">\n\t<label for=\"contactFormstreet\" class=\"control-label\">Strasse<\/label>\n\t<input type=\"text\" name=\"street\" class=\"form-control&#x20;casawp-form-control&#x20;\" id=\"contactFormstreet\" value=\"\">\t<\/div>\t\t\t\t\t<\/div>\n\t\t\t\t<\/div>\n\t\t\t\t<div class=\"row form-row is-required\">\n\t\t\t\t\t<div class=\"col-lg-6\">\n\t\t\t\t\t\t\n<div class=\"form-group  \">\n\t<label for=\"contactFormpostal_code\" class=\"control-label\">PLZ<\/label>\n\t<input type=\"text\" name=\"postal_code\" class=\"form-control&#x20;casawp-form-control&#x20;\" id=\"contactFormpostal_code\" value=\"\">\t<\/div>\t\t\t\t\t<\/div>\n\t\t\t\t\t<div class=\"col-lg-6\">\n\t\t\t\t\t\t\n<div class=\"form-group  \">\n\t<label for=\"contactFormlocality\" class=\"control-label\">Ort<\/label>\n\t<input type=\"text\" name=\"locality\" class=\"form-control&#x20;casawp-form-control&#x20;\" id=\"contactFormlocality\" value=\"\">\t<\/div>\t\t\t\t\t<\/div>\n\t\t\t\t<\/div>\n\t\t\t\t<div class=\"row form-row is-required\">\n\t\t\t\t\t<div class=\"col-lg-12\">\n\t\t\t\t\t\t\n<div class=\"form-group  \">\n\t<label for=\"contactFormcountry\" class=\"control-label\">Land<\/label>\n\t<select name=\"country\" class=\"form-control&#x20;casawp-form-control&#x20;\" id=\"contactFormcountry\"><option value=\"CH\">Schweiz<\/option>\n<option value=\"AL\">Albanien<\/option>\n<option value=\"AD\">Andorra<\/option>\n<option value=\"BE\">Belgien<\/option>\n<option value=\"BA\">Bosnien und Herzegowina<\/option>\n<option value=\"BG\">Bulgarien<\/option>\n<option value=\"DE\">Deutschland<\/option>\n<option value=\"DK\">D\u00e4nemark<\/option>\n<option value=\"EE\">Estland<\/option>\n<option value=\"FI\">Finnland<\/option>\n<option value=\"FR\">Frankreich<\/option>\n<option value=\"FO\">F\u00e4r\u00f6er<\/option>\n<option value=\"GI\">Gibraltar<\/option>\n<option value=\"GR\">Griechenland<\/option>\n<option value=\"IM\">Insel Man<\/option>\n<option value=\"IE\">Irland, Republik<\/option>\n<option value=\"IS\">Island<\/option>\n<option value=\"IT\">Italien<\/option>\n<option value=\"HR\">Kroatien<\/option>\n<option value=\"LV\">Lettland<\/option>\n<option value=\"LI\">Liechtenstein, F\u00fcrstentum<\/option>\n<option value=\"LT\">Litauen<\/option>\n<option value=\"LU\">Luxemburg<\/option>\n<option value=\"MT\">Malta<\/option>\n<option value=\"MK\">Mazedonien<\/option>\n<option value=\"MD\">Moldawien<\/option>\n<option value=\"MC\">Monaco<\/option>\n<option value=\"NL\">Niederlande<\/option>\n<option value=\"NO\">Norwegen<\/option>\n<option value=\"PL\">Polen<\/option>\n<option value=\"PT\">Portugal<\/option>\n<option value=\"RO\">Rum\u00e4nien<\/option>\n<option value=\"RU\">Russische F\u00f6deration<\/option>\n<option value=\"SM\">San Marino<\/option>\n<option value=\"SE\">Schweden<\/option>\n<option value=\"RS\">Serbien<\/option>\n<option value=\"ME\">Serbien und Montenegro<\/option>\n<option value=\"SK\">Slowakei<\/option>\n<option value=\"SI\">Slowenien<\/option>\n<option value=\"ES\">Spanien<\/option>\n<option value=\"CZ\">Tschechische Republik<\/option>\n<option value=\"UA\">Ukraine<\/option>\n<option value=\"HU\">Ungarn<\/option>\n<option value=\"VA\">Vatikanstadt<\/option>\n<option value=\"AE\">Vereinigte Arabische Emirate<\/option>\n<option value=\"GB\">Vereinigtes K\u00f6nigreich von Gro\u00dfbritannien und Nordirland<\/option>\n<option value=\"BY\">Wei\u00dfrussland<\/option>\n<option value=\"CY\">Zypern, Republik<\/option>\n<option value=\"AT\">\u00d6sterreich<\/option>\n<option value=\"other\">Sonstige<\/option><\/select>\t<\/div>\t\t\t\t\t\t<div class=\"select-icon\">\n\t\t\t\t\t\t\t<svg width=\"16\" height=\"16\" viewBox=\"0 0 16 16\" fill=\"none\" xmlns=\"http:\/\/www.w3.org\/2000\/svg\">\n\t\t\t\t\t\t\t\t<path d=\"M1 8C1 11.866 4.13401 15 8 15C11.866 15 15 11.866 15 8C15 4.13401 11.866 1 8 1C4.13401 1 1 4.13401 1 8Z\" stroke=\"#3F3F3F\" stroke-linecap=\"round\" stroke-linejoin=\"round\"\/>\n\t\t\t\t\t\t\t\t<path d=\"M4.04343 5.86987L7.75651 10.7359C7.78491 10.7731 7.82152 10.8033 7.86348 10.824C7.90545 10.8448 7.95164 10.8556 7.99846 10.8556C8.04529 10.8556 8.09148 10.8448 8.13344 10.824C8.17541 10.8033 8.21202 10.7731 8.24042 10.7359L11.9565 5.86987\" stroke=\"#3F3F3F\" stroke-linecap=\"round\" stroke-linejoin=\"round\"\/>\n\t\t\t\t\t\t\t<\/svg>\n\t\t\t\t\t\t<\/div>\n\t\t\t\t\t<\/div>\n\t\t\t\t<\/div>\n\t\t\t\t<div class=\"row form-row is-required\">\n\t\t\t\t\t<div class=\"col-lg-12\">\n\t\t\t\t\t\t\n<div class=\"form-group  \">\n\t<label for=\"contactFormemailreal\" class=\"control-label\">E-Mail<\/label>\n\t<input type=\"text\" name=\"emailreal\" required=\"required\" class=\"form-control&#x20;casawp-form-control&#x20;\" id=\"contactFormemailreal\" value=\"\">\t<\/div>\t\t\t\t\t<\/div>\n\t\t\t\t<\/div>\n\t\t\t\t<div class=\"row form-row is-required\">\n\t\t\t\t\t<div class=\"col-lg-12\">\n\t\t\t\t\t\t\n<div class=\"form-group  \">\n\t<label for=\"contactFormphone\" class=\"control-label\">Telefon<\/label>\n\t<input type=\"text\" name=\"phone\" class=\"form-control&#x20;casawp-form-control&#x20;\" id=\"contactFormphone\" value=\"\">\t<\/div>\t\t\t\t\t<\/div>\n\t\t\t\t<\/div>\n\t\t\t<\/div>\n\t\t\t<div class=\"col-lg-6\">\n\t\t\t\t\n\t\t\t\t<h3 class=\"form-subtitle\">Gew\u00fcnschtes Objekt<\/h3>\n\t\t\t\t\n\t\t\t\t<div class=\"search-form-spacer\"><\/div>\n\t\t\t\t<div class=\"column-blocker\"><\/div>\n\t\t\t\t<div class=\"row form-row is-required\">\n\t\t\t\t\t<div class=\"col-lg-12\">\n\t\t\t\t\t\t\n<div class=\"form-group  \">\n\t<label for=\"contactFormsearchProfile_salestype\" class=\"control-label\">Sie w\u00fcrden gerne<\/label>\n\t<select name=\"searchProfile_salestype\" id=\"contactFormsearchProfile_salestype\" class=\"form-control&#x20;casawp-form-control&#x20;\"><option value=\"buy\">Kaufen<\/option>\n<option value=\"rent\">Mieten<\/option><\/select>\t<\/div>\t\t\t\t\t\t<div class=\"select-icon\">\n\t\t\t\t\t\t\t<svg width=\"16\" height=\"16\" viewBox=\"0 0 16 16\" fill=\"none\" xmlns=\"http:\/\/www.w3.org\/2000\/svg\">\n\t\t\t\t\t\t\t\t<path d=\"M1 8C1 11.866 4.13401 15 8 15C11.866 15 15 11.866 15 8C15 4.13401 11.866 1 8 1C4.13401 1 1 4.13401 1 8Z\" stroke=\"#3F3F3F\" stroke-linecap=\"round\" stroke-linejoin=\"round\"\/>\n\t\t\t\t\t\t\t\t<path d=\"M4.04343 5.86987L7.75651 10.7359C7.78491 10.7731 7.82152 10.8033 7.86348 10.824C7.90545 10.8448 7.95164 10.8556 7.99846 10.8556C8.04529 10.8556 8.09148 10.8448 8.13344 10.824C8.17541 10.8033 8.21202 10.7731 8.24042 10.7359L11.9565 5.86987\" stroke=\"#3F3F3F\" stroke-linecap=\"round\" stroke-linejoin=\"round\"\/>\n\t\t\t\t\t\t\t<\/svg>\n\t\t\t\t\t\t<\/div>\n\t\t\t\t\t<\/div>\n\t\t\t\t<\/div>\n\t\t\t\t<div class=\"row form-row is-required\">\n\t\t\t\t\t<div class=\"col-lg-12 select2\">\n\t\t\t\t\t\t\n<div class=\"form-group  \">\n\t<label for=\"contactFormsearchProfile_categories\" class=\"control-label\">Objektart<\/label>\n\t<select name=\"searchProfile_categories&#x5B;&#x5D;\" id=\"contactFormsearchProfile_categories\" multiple=\"multiple\" class=\"form-control&#x20;casawp-form-control&#x20;\"><option value=\"plot\">Grundst\u00fcck<\/option>\n<option value=\"house\">Haus<\/option>\n<option value=\"multiple-dwelling\">Multiple Dwelling<\/option>\n<option value=\"apartment\">Wohnung<\/option><\/select>\t<\/div>\t\t\t\t\t<\/div>\n\t\t\t\t<\/div>\n\t\t\t\t<div class=\"row form-row\">\n\t\t\t\t\t<div class=\"col-lg-12 select2\">\n\t\t\t\t\t\t\n<div class=\"form-group  \">\n\t<label for=\"contactFormsearchProfile_utilities\" class=\"control-label\">Nutzungsart<\/label>\n\t<select name=\"searchProfile_utilities&#x5B;&#x5D;\" id=\"contactFormsearchProfile_utilities\" multiple=\"multiple\" class=\"form-control&#x20;casawp-form-control&#x20;\"><option value=\"commercial\">Gewerbe<\/option>\n<option value=\"industrial\">Gewerbe \/ Industrie<\/option>\n<option value=\"investment\">Investitionsobjekt<\/option>\n<option value=\"residential\">Wohnen<\/option><\/select>\t<\/div>\t\t\t\t\t<\/div>\n\t\t\t\t<\/div>\n\t\t\t\t<div class=\"row form-row is-required\">\n\t\t\t\t\t<div class=\"col-lg-6\">\n\t\t\t\t\t\t\n<div class=\"form-group  \">\n\t<label for=\"contactFormsearchProfile_rooms_from\" class=\"control-label\">Zimmer von<\/label>\n\t<input type=\"text\" name=\"searchProfile_rooms_from\" placeholder=\"Minimum\" class=\"form-control&#x20;casawp-form-control&#x20;\" id=\"contactFormsearchProfile_rooms_from\" value=\"\">\t<\/div>\t\t\t\t\t<\/div>\n\t\t\t\t\t<div class=\"col-lg-6\">\n\t\t\t\t\t\t\n<div class=\"form-group  \">\n\t<label for=\"contactFormsearchProfile_rooms_to\" class=\"control-label\">Zimmer bis<\/label>\n\t<input type=\"text\" name=\"searchProfile_rooms_to\" placeholder=\"Maximum\" class=\"form-control&#x20;casawp-form-control&#x20;\" id=\"contactFormsearchProfile_rooms_to\" value=\"\">\t<\/div>\t\t\t\t\t<\/div>\n\t\t\t\t<\/div>\n\t\t\t\t<div class=\"row form-row is-required\">\n\t\t\t\t\t<div class=\"col-lg-6\">\n\t\t\t\t\t\t\n<div class=\"form-group  \">\n\t<label for=\"contactFormsearchProfile_price_from\" class=\"control-label\">Preis von<\/label>\n\t<input type=\"text\" name=\"searchProfile_price_from\" placeholder=\"Minimum\" class=\"form-control&#x20;casawp-form-control&#x20;\" id=\"contactFormsearchProfile_price_from\" value=\"\">\t<\/div>\t\t\t\t\t<\/div>\n\t\t\t\t\t<div class=\"col-lg-6\">\n\t\t\t\t\t\t\n<div class=\"form-group  \">\n\t<label for=\"contactFormsearchProfile_price_to\" class=\"control-label\">Preis bis<\/label>\n\t<input type=\"text\" name=\"searchProfile_price_to\" placeholder=\"Maximum\" class=\"form-control&#x20;casawp-form-control&#x20;\" id=\"contactFormsearchProfile_price_to\" value=\"\">\t<\/div>\t\t\t\t\t<\/div>\n\t\t\t\t<\/div>\n\t\t\t\t<div class=\"row form-row is-required\">\n\t\t\t\t\t<div class=\"col-lg-6\">\n\t\t\t\t\t\t\n<div class=\"form-group  \">\n\t<label for=\"contactFormsearchProfile_postal_code\" class=\"control-label\">PLZ<\/label>\n\t<input type=\"text\" name=\"searchProfile_postal_code\" class=\"form-control&#x20;casawp-form-control&#x20;\" id=\"contactFormsearchProfile_postal_code\" value=\"\">\t<\/div>\t\t\t\t\t<\/div>\n\t\t\t\t\t<div class=\"col-lg-6\">\n\t\t\t\t\t\t\n<div class=\"form-group  \">\n\t<label for=\"contactFormsearchProfile_locality\" class=\"control-label\">Ort<\/label>\n\t<input type=\"text\" name=\"searchProfile_locality\" class=\"form-control&#x20;casawp-form-control&#x20;\" id=\"contactFormsearchProfile_locality\" value=\"\">\t<\/div>\t\t\t\t\t<\/div>\n\t\t\t\t<\/div>\n\t\t\t\t<div class=\"row form-row is-required\">\n\t\t\t\t\t<div class=\"col-lg-12\">\n\t\t\t\t\t\t\n<div class=\"form-group  \">\n\t<label for=\"contactFormsearchProfile_radius\" class=\"control-label\">Radius in KM<\/label>\n\t<select name=\"searchProfile_radius\" id=\"contactFormsearchProfile_radius\" class=\"form-control&#x20;casawp-form-control&#x20;\"><option value=\"5\">5<\/option>\n<option value=\"10\">10<\/option>\n<option value=\"20\">20<\/option><\/select>\t<\/div>\t\t\t\t\t\t<div class=\"select-icon\">\n\t\t\t\t\t\t\t<svg width=\"16\" height=\"16\" viewBox=\"0 0 16 16\" fill=\"none\" xmlns=\"http:\/\/www.w3.org\/2000\/svg\">\n\t\t\t\t\t\t\t\t<path d=\"M1 8C1 11.866 4.13401 15 8 15C11.866 15 15 11.866 15 8C15 4.13401 11.866 1 8 1C4.13401 1 1 4.13401 1 8Z\" stroke=\"#3F3F3F\" stroke-linecap=\"round\" stroke-linejoin=\"round\"\/>\n\t\t\t\t\t\t\t\t<path d=\"M4.04343 5.86987L7.75651 10.7359C7.78491 10.7731 7.82152 10.8033 7.86348 10.824C7.90545 10.8448 7.95164 10.8556 7.99846 10.8556C8.04529 10.8556 8.09148 10.8448 8.13344 10.824C8.17541 10.8033 8.21202 10.7731 8.24042 10.7359L11.9565 5.86987\" stroke=\"#3F3F3F\" stroke-linecap=\"round\" stroke-linejoin=\"round\"\/>\n\t\t\t\t\t\t\t<\/svg>\n\t\t\t\t\t\t<\/div>\n\t\t\t\t\t<\/div>\n\t\t\t\t<\/div>\n\t\t\t\t<div class=\"row form-row is-required\">\n\t\t\t\t\t<div class=\"col-lg-12\">\n\t\t\t\t\t\t\n<div class=\"form-group  \">\n\t<label for=\"contactFormsearchProfile_note\" class=\"control-label\">Nachricht<\/label>\n\t<textarea name=\"searchProfile_note\" class=\"form-control&#x20;casawp-form-control&#x20;\" id=\"contactFormsearchProfile_note\"><\/textarea>\t<\/div>\t\t\t\t\t<\/div>\n\t\t\t\t<\/div>\n\n\t\t\t\t\n\t\t\t\t\t\t\t\t\t<div class=\"g-recaptcha-v3\" data-sitekey=\"6Ld40vcpAAAAAJ8s9pHNLEjEVTS221_MtYVFQQCJ\"><\/div>\n\t\t\t\t\t<script src=\"https:\/\/www.google.com\/recaptcha\/api.js?render=6Ld40vcpAAAAAJ8s9pHNLEjEVTS221_MtYVFQQCJ\"><\/script>\n\t\t\t\t\t<input type=\"hidden\" id=\"gRecaptchaResponse\" name=\"g-recaptcha-response\">\n\t\t\t\t\t<script>\n\t\t\t\t\t\twindow.captchaKey = '6Ld40vcpAAAAAJ8s9pHNLEjEVTS221_MtYVFQQCJ';\n\t\t\t\t\t<\/script>\n\t\t\t\t\t<script>\n\n\t\t\t\t\t\tvar form = document.getElementById(\"casawpPropertyContactForm\");\n\n\t\t\t\t\t\tform.addEventListener('submit', event => {\n\t\t\t\t\t\t\tevent.preventDefault()\n\t\t\t\t\t\t\tvalidate(form)\n\t\t\t\t\t\t});\n\n\t\t\t\t\t\tfunction validate(form) {\n\t\t\t\t\t\t\tgetRecaptchaToken(form)\n\t\t\t\t\t\t}\n\n\t\t\t\t\t\tfunction getRecaptchaToken(form) {\n\t\t\t\t\t\t\tgrecaptcha.ready(function() {\n\t\t\t\t\t\t\t\tgrecaptcha.execute(window.captchaKey, {action: 'casawpPropertyContactForm'}).then(function(token) {\n\t\t\t\t\t\t\t\t\tgRecaptchaResponse.value = token \/\/set the value of the hidden field\n\t\t\t\t\t\t\t\t\tform.submit() \/\/submit the form\n\t\t\t\t\t\t\t\t});\n\t\t\t\t\t\t\t});\n\t\t\t\t\t\t}\n\t\t\t\t\n\t\t\t\t\t<\/script>\n\t\t\t\t\t\t\t\t<div class=\"row\">\n\t\t\t\t<div class=\"casawp-contactform-send-wrapper searchprofile\">\n\t\t\t\t\t<button class=\"casawp-contactform-send btn btn-primary\" type=\"submit\">\n\t\t\t\t\t\t<span>\n\t\t\t\t\t\t\tSenden\t\t\t\t\t\t<\/span>\t\t\t\n\t\t\t\t\t<\/button>\n\t\t\t\t<\/div>\n\t\t\t\t<\/div>\n\t\t\t<\/div>\n\t\t<\/div>\n\t\t\n\n\t\t\n\n\t\t\n\t\t<\/form>\n\t<\/div>\n\n                <\/div>\n\n<\/div>\n    <\/div>\n<\/div>","protected":false},"excerpt":{"rendered":"","protected":false},"author":1,"featured_media":0,"parent":0,"menu_order":0,"comment_status":"closed","ping_status":"closed","template":"","meta":{"_acf_changed":false,"inline_featured_image":false,"footnotes":""},"class_list":["post-2318","page","type-page","status-publish","hentry"],"acf":[],"yoast_head":"<!-- This site is optimized with the Yoast SEO plugin v27.4 - https:\/\/yoast.com\/product\/yoast-seo-wordpress\/ -->\n<title>Suchprofil - Groupe SF Immo<\/title>\n<meta name=\"robots\" content=\"index, follow, max-snippet:-1, max-image-preview:large, max-video-preview:-1\" \/>\n<link rel=\"canonical\" href=\"https:\/\/groupe-sfimmo.ch\/de\/suchprofil\/\" \/>\n<meta property=\"og:locale\" content=\"de_DE\" \/>\n<meta property=\"og:type\" content=\"article\" \/>\n<meta property=\"og:title\" content=\"Suchprofil - Groupe SF Immo\" \/>\n<meta property=\"og:url\" content=\"https:\/\/groupe-sfimmo.ch\/de\/suchprofil\/\" \/>\n<meta property=\"og:site_name\" content=\"Groupe SF Immo\" \/>\n<meta property=\"article:modified_time\" content=\"2024-08-21T16:55:53+00:00\" \/>\n<meta name=\"twitter:card\" content=\"summary_large_image\" \/>\n<script type=\"application\/ld+json\" class=\"yoast-schema-graph\">{\"@context\":\"https:\\\/\\\/schema.org\",\"@graph\":[{\"@type\":\"WebPage\",\"@id\":\"https:\\\/\\\/groupe-sfimmo.ch\\\/de\\\/suchprofil\\\/\",\"url\":\"https:\\\/\\\/groupe-sfimmo.ch\\\/de\\\/suchprofil\\\/\",\"name\":\"Suchprofil - Groupe SF Immo\",\"isPartOf\":{\"@id\":\"https:\\\/\\\/groupe-sfimmo.ch\\\/de\\\/#website\"},\"datePublished\":\"2023-03-06T15:26:58+00:00\",\"dateModified\":\"2024-08-21T16:55:53+00:00\",\"inLanguage\":\"de\",\"potentialAction\":[{\"@type\":\"ReadAction\",\"target\":[\"https:\\\/\\\/groupe-sfimmo.ch\\\/de\\\/suchprofil\\\/\"]}]},{\"@type\":\"WebSite\",\"@id\":\"https:\\\/\\\/groupe-sfimmo.ch\\\/de\\\/#website\",\"url\":\"https:\\\/\\\/groupe-sfimmo.ch\\\/de\\\/\",\"name\":\"Groupe SF Immo\",\"description\":\"\",\"publisher\":{\"@id\":\"https:\\\/\\\/groupe-sfimmo.ch\\\/de\\\/#organization\"},\"potentialAction\":[{\"@type\":\"SearchAction\",\"target\":{\"@type\":\"EntryPoint\",\"urlTemplate\":\"https:\\\/\\\/groupe-sfimmo.ch\\\/de\\\/?s={search_term_string}\"},\"query-input\":{\"@type\":\"PropertyValueSpecification\",\"valueRequired\":true,\"valueName\":\"search_term_string\"}}],\"inLanguage\":\"de\"},{\"@type\":\"Organization\",\"@id\":\"https:\\\/\\\/groupe-sfimmo.ch\\\/de\\\/#organization\",\"name\":\"Groupe SF Immo\",\"url\":\"https:\\\/\\\/groupe-sfimmo.ch\\\/de\\\/\",\"logo\":{\"@type\":\"ImageObject\",\"inLanguage\":\"de\",\"@id\":\"https:\\\/\\\/groupe-sfimmo.ch\\\/de\\\/#\\\/schema\\\/logo\\\/image\\\/\",\"url\":\"https:\\\/\\\/groupe-sfimmo.ch\\\/wp-content\\\/uploads\\\/sites\\\/37\\\/2025\\\/09\\\/25_Groupe-SF-Immo-SA-1.svg\",\"contentUrl\":\"https:\\\/\\\/groupe-sfimmo.ch\\\/wp-content\\\/uploads\\\/sites\\\/37\\\/2025\\\/09\\\/25_Groupe-SF-Immo-SA-1.svg\",\"width\":1317,\"height\":451,\"caption\":\"Groupe SF Immo\"},\"image\":{\"@id\":\"https:\\\/\\\/groupe-sfimmo.ch\\\/de\\\/#\\\/schema\\\/logo\\\/image\\\/\"}}]}<\/script>\n<!-- \/ Yoast SEO plugin. -->","yoast_head_json":{"title":"Suchprofil - Groupe SF Immo","robots":{"index":"index","follow":"follow","max-snippet":"max-snippet:-1","max-image-preview":"max-image-preview:large","max-video-preview":"max-video-preview:-1"},"canonical":"https:\/\/groupe-sfimmo.ch\/de\/suchprofil\/","og_locale":"de_DE","og_type":"article","og_title":"Suchprofil - Groupe SF Immo","og_url":"https:\/\/groupe-sfimmo.ch\/de\/suchprofil\/","og_site_name":"Groupe SF Immo","article_modified_time":"2024-08-21T16:55:53+00:00","twitter_card":"summary_large_image","schema":{"@context":"https:\/\/schema.org","@graph":[{"@type":"WebPage","@id":"https:\/\/groupe-sfimmo.ch\/de\/suchprofil\/","url":"https:\/\/groupe-sfimmo.ch\/de\/suchprofil\/","name":"Suchprofil - Groupe SF Immo","isPartOf":{"@id":"https:\/\/groupe-sfimmo.ch\/de\/#website"},"datePublished":"2023-03-06T15:26:58+00:00","dateModified":"2024-08-21T16:55:53+00:00","inLanguage":"de","potentialAction":[{"@type":"ReadAction","target":["https:\/\/groupe-sfimmo.ch\/de\/suchprofil\/"]}]},{"@type":"WebSite","@id":"https:\/\/groupe-sfimmo.ch\/de\/#website","url":"https:\/\/groupe-sfimmo.ch\/de\/","name":"Groupe SF Immo","description":"","publisher":{"@id":"https:\/\/groupe-sfimmo.ch\/de\/#organization"},"potentialAction":[{"@type":"SearchAction","target":{"@type":"EntryPoint","urlTemplate":"https:\/\/groupe-sfimmo.ch\/de\/?s={search_term_string}"},"query-input":{"@type":"PropertyValueSpecification","valueRequired":true,"valueName":"search_term_string"}}],"inLanguage":"de"},{"@type":"Organization","@id":"https:\/\/groupe-sfimmo.ch\/de\/#organization","name":"Groupe SF Immo","url":"https:\/\/groupe-sfimmo.ch\/de\/","logo":{"@type":"ImageObject","inLanguage":"de","@id":"https:\/\/groupe-sfimmo.ch\/de\/#\/schema\/logo\/image\/","url":"https:\/\/groupe-sfimmo.ch\/wp-content\/uploads\/sites\/37\/2025\/09\/25_Groupe-SF-Immo-SA-1.svg","contentUrl":"https:\/\/groupe-sfimmo.ch\/wp-content\/uploads\/sites\/37\/2025\/09\/25_Groupe-SF-Immo-SA-1.svg","width":1317,"height":451,"caption":"Groupe SF Immo"},"image":{"@id":"https:\/\/groupe-sfimmo.ch\/de\/#\/schema\/logo\/image\/"}}]}},"_links":{"self":[{"href":"https:\/\/groupe-sfimmo.ch\/de\/wp-json\/wp\/v2\/pages\/2318","targetHints":{"allow":["GET"]}}],"collection":[{"href":"https:\/\/groupe-sfimmo.ch\/de\/wp-json\/wp\/v2\/pages"}],"about":[{"href":"https:\/\/groupe-sfimmo.ch\/de\/wp-json\/wp\/v2\/types\/page"}],"author":[{"embeddable":true,"href":"https:\/\/groupe-sfimmo.ch\/de\/wp-json\/wp\/v2\/users\/1"}],"replies":[{"embeddable":true,"href":"https:\/\/groupe-sfimmo.ch\/de\/wp-json\/wp\/v2\/comments?post=2318"}],"version-history":[{"count":0,"href":"https:\/\/groupe-sfimmo.ch\/de\/wp-json\/wp\/v2\/pages\/2318\/revisions"}],"wp:attachment":[{"href":"https:\/\/groupe-sfimmo.ch\/de\/wp-json\/wp\/v2\/media?parent=2318"}],"curies":[{"name":"wp","href":"https:\/\/api.w.org\/{rel}","templated":true}]}}