{"id":2301,"date":"2023-03-24T17:04:37","date_gmt":"2023-03-24T16:04:37","guid":{"rendered":"https:\/\/groupe-sfimmo.ch\/schaetzung\/"},"modified":"2024-08-21T18:00:49","modified_gmt":"2024-08-21T16:00:49","slug":"schaetzung","status":"publish","type":"page","link":"https:\/\/groupe-sfimmo.ch\/de\/schaetzung\/","title":{"rendered":"Sch\u00e4tzung"},"content":{"rendered":"\n<div \n     class=\"\n        content-wrapper \n        content-wrapper--padding-top-none        content-wrapper--padding-bottom-none \n        content-wrapper--background-color-white \n         \n         \n         \n         \n                \n        banner-slider        \n    \">\n    <div class=\"content-wrapper__anchor\" id=\"\"><\/div>\n    <div class=\"container-fluid \" style=\"margin-top: px; margin-bottom: px;\">\n        <div class=\"acf-innerblocks-container\">\n\n<div \n    class=\"image-module  content-block \">\n            <div class=\"image-module__image\">\n                            <div \n                    class=\"image-module__image__background image-module__image__background--landscape lazyload\n                                        \" \n                    data-bg=\"https:\/\/groupe-sfimmo.ch\/wp-content\/uploads\/sites\/37\/2024\/07\/Immobilier_estimation.jpg\">\n                <\/div>\n                    <\/div>\n    <\/div>\n\n<\/div>\n    <\/div>\n<\/div>\n<div \n     class=\"\n        content-wrapper \n        content-wrapper--padding-top-default        content-wrapper--padding-bottom-default \n        content-wrapper--background-color-white \n         \n         \n         \n         \n                \n                \n    \">\n    <div class=\"content-wrapper__anchor\" id=\"\"><\/div>\n    <div class=\"container \" style=\"margin-top: px; margin-bottom: px;\">\n        <div class=\"acf-innerblocks-container\">\n\n<div class=\"wp-block-columns is-layout-flex wp-container-core-columns-is-layout-28f84493 wp-block-columns-is-layout-flex\">\n<div class=\"wp-block-column is-layout-flow wp-block-column-is-layout-flow\" style=\"flex-basis:10%\"><\/div>\n\n\n\n<div class=\"wp-block-column is-layout-flow wp-block-column-is-layout-flow\"><div class=\"text-module content-block\">\n            <div class=\"text-module__text cs-text-thin \"> \n            <h4>Dienstleistungen<\/h4>\n<h2>Sch\u00e4tzung<\/h2>\n        <\/div>\n        <\/div>\n\n\n<div class=\"text-module content-block\">\n            <div class=\"text-module__text cs-text-thin  text-module__text--offset \"> \n            <p>Eine Sch\u00e4tzung Ihrer Immobilie besteht aus einer genauen Einsch\u00e4tzung des Preises, den Ihr Objekt auf dem lokalen Immobilienmarkt wert ist. Sie k\u00f6nnen uns einfach kontaktieren und wir kommen zu Ihnen, um die Sch\u00e4tzung vorzunehmen. Jede von unserer Agentur durchgef\u00fchrte Sch\u00e4tzung kostet zwischen CHF 500 und CHF 800. Bei einem Verkauf durch uns erhalten Sie die Sch\u00e4tzung kostenlos.<\/p>\n<p> F\u00fcr diesen Preis erhalten Sie selbstverst\u00e4ndlich ein vollst\u00e4ndiges Dossier unserer Sch\u00e4tzung und unsere fachkundige Beratung. &nbsp;<\/p>\n        <\/div>\n        <\/div>\n\n\n<div class=\"text-module content-block\">\n            <div class=\"text-module__text cs-text-thin \"> \n            <h5>F\u00fcllen Sie das Formular f\u00fcr eine Sch\u00e4tzung Ihrer Immobilie aus<\/h5>\n<p>&nbsp;<\/p>\n        <\/div>\n                        \n                        \n\t\n\t\n\n\n\t<form action=\"https&#x3A;&#x2F;&#x2F;groupe-sfimmo.ch&#x2F;de&#x2F;schaetzung&#x2F;&#x23;casawpPropertyContactForm\" method=\"POST\" name=\"contact\" id=\"casawpPropertyContactForm\" class=\"casawp-contactform-form\">\t<input type=\"hidden\" name=\"form_id\" value=\"normal\">\t<input type=\"hidden\" id=\"_wpnonce\" name=\"_wpnonce\" value=\"e54a7d109f\" \/><input type=\"hidden\" name=\"_wp_http_referer\" value=\"\/de\/wp-json\/wp\/v2\/pages\/2301\" \/>\t<input id=\"theApsoluteRealEmailField\" type=\"text\" name=\"email\" value=\"\" placeholder=\"NlChT8 AuSf$lLeN\">\n\n\t<div class=\"casawp-gender-radios\">\n\t\t\n<div class=\"form-group  \">\n\t<label for=\"contactFormgender\" class=\"control-label\">Anrede<\/label>\n\t<label><input type=\"radio\" name=\"gender\" class=\"form-control&#x20;casawp-form-control&#x20;\" id=\"contactFormgender\" value=\"2\" checked=\"checked\">Frau<\/label><label><input type=\"radio\" name=\"gender\" class=\"form-control&#x20;casawp-form-control&#x20;\" value=\"1\">Herr<\/label>\t<\/div>\t<\/div>\n\t<div class=\"row\">\n\t\t<div class=\"col-lg-6\">\n\t\t\t\n<div class=\"form-group is-required \">\n\t<label for=\"contactFormfirstname\" class=\"control-label\">Vorname<\/label>\n\t<input type=\"text\" name=\"firstname\" required=\"required\" class=\"form-control&#x20;casawp-form-control&#x20;\" id=\"contactFormfirstname\" value=\"\">\t<\/div>\t\t<\/div>\n\t\t<div class=\"col-lg-6\">\n\t\t\t\n<div class=\"form-group is-required \">\n\t<label for=\"contactFormlastname\" class=\"control-label\">Nachname<\/label>\n\t<input type=\"text\" name=\"lastname\" required=\"required\" class=\"form-control&#x20;casawp-form-control&#x20;\" id=\"contactFormlastname\" value=\"\">\t<\/div>\t\t<\/div>\n\t<\/div>\n\t\n<div class=\"form-group  \">\n\t<label for=\"contactFormlegal_name\" class=\"control-label\">Firma<\/label>\n\t<input type=\"text\" name=\"legal_name\" class=\"form-control&#x20;casawp-form-control&#x20;\" id=\"contactFormlegal_name\" value=\"\">\t<\/div>\t\n<div class=\"form-group  \">\n\t<label for=\"contactFormstreet\" class=\"control-label\">Strasse<\/label>\n\t<input type=\"text\" name=\"street\" class=\"form-control&#x20;casawp-form-control&#x20;\" id=\"contactFormstreet\" value=\"\">\t<\/div>\t<div class=\"row\">\n\t\t<div class=\"col-lg-6\">\n\t\t\t\n<div class=\"form-group  \">\n\t<label for=\"contactFormpostal_code\" class=\"control-label\">PLZ<\/label>\n\t<input type=\"text\" name=\"postal_code\" class=\"form-control&#x20;casawp-form-control&#x20;\" id=\"contactFormpostal_code\" value=\"\">\t<\/div>\t\t<\/div>\n\t\t<div class=\"col-lg-6\">\n\t\t\t\n<div class=\"form-group  \">\n\t<label for=\"contactFormlocality\" class=\"control-label\">Ort<\/label>\n\t<input type=\"text\" name=\"locality\" class=\"form-control&#x20;casawp-form-control&#x20;\" id=\"contactFormlocality\" value=\"\">\t<\/div>\t\t<\/div>\n\t<\/div>\n\t<div class=\"row\">\n\t\t<div class=\"col-lg-12\">\n\t\t\t\n<div class=\"form-group  \">\n\t<label for=\"contactFormcountry\" class=\"control-label\">Land<\/label>\n\t<select name=\"country\" class=\"form-control&#x20;casawp-form-control&#x20;\" id=\"contactFormcountry\"><option value=\"CH\">Schweiz<\/option>\n<option value=\"AL\">Albanien<\/option>\n<option value=\"AD\">Andorra<\/option>\n<option value=\"BE\">Belgien<\/option>\n<option value=\"BA\">Bosnien und Herzegowina<\/option>\n<option value=\"BG\">Bulgarien<\/option>\n<option value=\"DE\">Deutschland<\/option>\n<option value=\"DK\">D\u00e4nemark<\/option>\n<option value=\"EE\">Estland<\/option>\n<option value=\"FI\">Finnland<\/option>\n<option value=\"FR\">Frankreich<\/option>\n<option value=\"FO\">F\u00e4r\u00f6er<\/option>\n<option value=\"GI\">Gibraltar<\/option>\n<option value=\"GR\">Griechenland<\/option>\n<option value=\"IM\">Insel Man<\/option>\n<option value=\"IE\">Irland, Republik<\/option>\n<option value=\"IS\">Island<\/option>\n<option value=\"IT\">Italien<\/option>\n<option value=\"HR\">Kroatien<\/option>\n<option value=\"LV\">Lettland<\/option>\n<option value=\"LI\">Liechtenstein, F\u00fcrstentum<\/option>\n<option value=\"LT\">Litauen<\/option>\n<option value=\"LU\">Luxemburg<\/option>\n<option value=\"MT\">Malta<\/option>\n<option value=\"MK\">Mazedonien<\/option>\n<option value=\"MD\">Moldawien<\/option>\n<option value=\"MC\">Monaco<\/option>\n<option value=\"NL\">Niederlande<\/option>\n<option value=\"NO\">Norwegen<\/option>\n<option value=\"PL\">Polen<\/option>\n<option value=\"PT\">Portugal<\/option>\n<option value=\"RO\">Rum\u00e4nien<\/option>\n<option value=\"RU\">Russische F\u00f6deration<\/option>\n<option value=\"SM\">San Marino<\/option>\n<option value=\"SE\">Schweden<\/option>\n<option value=\"RS\">Serbien<\/option>\n<option value=\"ME\">Serbien und Montenegro<\/option>\n<option value=\"SK\">Slowakei<\/option>\n<option value=\"SI\">Slowenien<\/option>\n<option value=\"ES\">Spanien<\/option>\n<option value=\"CZ\">Tschechische Republik<\/option>\n<option value=\"UA\">Ukraine<\/option>\n<option value=\"HU\">Ungarn<\/option>\n<option value=\"VA\">Vatikanstadt<\/option>\n<option value=\"AE\">Vereinigte Arabische Emirate<\/option>\n<option value=\"GB\">Vereinigtes K\u00f6nigreich von Gro\u00dfbritannien und Nordirland<\/option>\n<option value=\"BY\">Wei\u00dfrussland<\/option>\n<option value=\"CY\">Zypern, Republik<\/option>\n<option value=\"AT\">\u00d6sterreich<\/option>\n<option value=\"other\">Sonstige<\/option><\/select>\t<\/div>\t\t\t<div class=\"select-icon\">\n\t\t\t\t<svg width=\"16\" height=\"16\" viewBox=\"0 0 16 16\" fill=\"none\" xmlns=\"http:\/\/www.w3.org\/2000\/svg\">\n\t\t\t\t\t<path d=\"M1 8C1 11.866 4.13401 15 8 15C11.866 15 15 11.866 15 8C15 4.13401 11.866 1 8 1C4.13401 1 1 4.13401 1 8Z\" stroke=\"#3F3F3F\" stroke-linecap=\"round\" stroke-linejoin=\"round\"\/>\n\t\t\t\t\t<path d=\"M4.04343 5.86987L7.75651 10.7359C7.78491 10.7731 7.82152 10.8033 7.86348 10.824C7.90545 10.8448 7.95164 10.8556 7.99846 10.8556C8.04529 10.8556 8.09148 10.8448 8.13344 10.824C8.17541 10.8033 8.21202 10.7731 8.24042 10.7359L11.9565 5.86987\" stroke=\"#3F3F3F\" stroke-linecap=\"round\" stroke-linejoin=\"round\"\/>\n\t\t\t\t<\/svg>\n\t\t\t<\/div>\n\t\t<\/div>\n\t<\/div>\n\t<div class=\"row\">\n\t\t<div class=\"col-lg-6\">\n\t\t\t\n<div class=\"form-group is-required \">\n\t<label for=\"contactFormemailreal\" class=\"control-label\">E-Mail<\/label>\n\t<input type=\"text\" name=\"emailreal\" required=\"required\" class=\"form-control&#x20;casawp-form-control&#x20;\" id=\"contactFormemailreal\" value=\"\">\t<\/div>\t\t<\/div>\n\t\t<div class=\"col-lg-6\">\n\t\t\t\n<div class=\"form-group  \">\n\t<label for=\"contactFormphone\" class=\"control-label\">Telefon<\/label>\n\t<input type=\"text\" name=\"phone\" class=\"form-control&#x20;casawp-form-control&#x20;\" id=\"contactFormphone\" value=\"\">\t<\/div>\t\t<\/div>\n\t<\/div>\n\t\t\n<div class=\"form-group  \">\n\t<label for=\"contactFormmessage\" class=\"control-label\">Nachricht<\/label>\n\t<textarea name=\"message\" rows=\"3\" class=\"form-control&#x20;casawp-form-control&#x20;\" id=\"contactFormmessage\"><\/textarea>\t<\/div>\n\t\n\n\t\n\t\t\t<div class=\"g-recaptcha-v3\" data-sitekey=\"6Ld40vcpAAAAAJ8s9pHNLEjEVTS221_MtYVFQQCJ\"><\/div>\n\t\t<script src=\"https:\/\/www.google.com\/recaptcha\/api.js?render=6Ld40vcpAAAAAJ8s9pHNLEjEVTS221_MtYVFQQCJ\"><\/script>\n\t\t<input type=\"hidden\" id=\"gRecaptchaResponse\" name=\"g-recaptcha-response\">\n\t\t<script>\n\t\t\twindow.captchaKey = '6Ld40vcpAAAAAJ8s9pHNLEjEVTS221_MtYVFQQCJ';\n\t\t<\/script>\n\t\t<script>\n\n\t\t\tvar form = document.getElementById(\"casawpPropertyContactForm\");\n\n\t\t\tform.addEventListener('submit', event => {\n\t\t\t\tevent.preventDefault()\n\t\t\t\tvalidate(form)\n\t\t\t});\n\n\t\t\tfunction validate(form) {\n\t\t\t\tgetRecaptchaToken(form)\n\t\t\t}\n\n\t\t\tfunction getRecaptchaToken(form) {\n\t\t\t\tgrecaptcha.ready(function() {\n\t\t\t\t\tgrecaptcha.execute(window.captchaKey, {action: 'casawpPropertyContactForm'}).then(function(token) {\n\t\t\t\t\t\tgRecaptchaResponse.value = token \/\/set the value of the hidden field\n\t\t\t\t\t\tform.submit() \/\/submit the form\n\t\t\t\t\t});\n\t\t\t\t});\n\t\t\t}\n\t\n\t\t<\/script>\n\t\n\n    <div class=\"casawp-contactform-send-wrapper\">\n\t\t<button class=\"casawp-contactform-send btn btn-primary\" type=\"submit\">\n\t\t\t<span>\n\t\t\t\tSenden\t\t\t<\/span>\t\t\t\n\t\t<\/button>\n    <\/div>\n\n\n\t<\/form>\n                <\/div>\n<\/div>\n\n\n\n<div class=\"wp-block-column is-layout-flow wp-block-column-is-layout-flow\" style=\"flex-basis:10%\"><\/div>\n<\/div>\n\n<\/div>\n    <\/div>\n<\/div>","protected":false},"excerpt":{"rendered":"","protected":false},"author":1,"featured_media":0,"parent":0,"menu_order":0,"comment_status":"closed","ping_status":"closed","template":"","meta":{"_acf_changed":false,"inline_featured_image":false,"footnotes":""},"class_list":["post-2301","page","type-page","status-publish","hentry"],"acf":[],"yoast_head":"<!-- This site is optimized with the Yoast SEO plugin v27.4 - https:\/\/yoast.com\/product\/yoast-seo-wordpress\/ -->\n<title>Sch\u00e4tzung - Groupe SF Immo<\/title>\n<meta name=\"robots\" content=\"index, follow, max-snippet:-1, max-image-preview:large, max-video-preview:-1\" \/>\n<link rel=\"canonical\" href=\"https:\/\/groupe-sfimmo.ch\/de\/schaetzung\/\" \/>\n<meta property=\"og:locale\" content=\"de_DE\" \/>\n<meta property=\"og:type\" content=\"article\" \/>\n<meta property=\"og:title\" content=\"Sch\u00e4tzung - Groupe SF Immo\" \/>\n<meta property=\"og:url\" content=\"https:\/\/groupe-sfimmo.ch\/de\/schaetzung\/\" \/>\n<meta property=\"og:site_name\" content=\"Groupe SF Immo\" \/>\n<meta property=\"article:modified_time\" content=\"2024-08-21T16:00:49+00:00\" \/>\n<meta name=\"twitter:card\" content=\"summary_large_image\" \/>\n<script type=\"application\/ld+json\" class=\"yoast-schema-graph\">{\"@context\":\"https:\\\/\\\/schema.org\",\"@graph\":[{\"@type\":\"WebPage\",\"@id\":\"https:\\\/\\\/groupe-sfimmo.ch\\\/de\\\/schaetzung\\\/\",\"url\":\"https:\\\/\\\/groupe-sfimmo.ch\\\/de\\\/schaetzung\\\/\",\"name\":\"Sch\u00e4tzung - Groupe SF Immo\",\"isPartOf\":{\"@id\":\"https:\\\/\\\/groupe-sfimmo.ch\\\/de\\\/#website\"},\"datePublished\":\"2023-03-24T16:04:37+00:00\",\"dateModified\":\"2024-08-21T16:00:49+00:00\",\"inLanguage\":\"de\",\"potentialAction\":[{\"@type\":\"ReadAction\",\"target\":[\"https:\\\/\\\/groupe-sfimmo.ch\\\/de\\\/schaetzung\\\/\"]}]},{\"@type\":\"WebSite\",\"@id\":\"https:\\\/\\\/groupe-sfimmo.ch\\\/de\\\/#website\",\"url\":\"https:\\\/\\\/groupe-sfimmo.ch\\\/de\\\/\",\"name\":\"Groupe SF Immo\",\"description\":\"\",\"publisher\":{\"@id\":\"https:\\\/\\\/groupe-sfimmo.ch\\\/de\\\/#organization\"},\"potentialAction\":[{\"@type\":\"SearchAction\",\"target\":{\"@type\":\"EntryPoint\",\"urlTemplate\":\"https:\\\/\\\/groupe-sfimmo.ch\\\/de\\\/?s={search_term_string}\"},\"query-input\":{\"@type\":\"PropertyValueSpecification\",\"valueRequired\":true,\"valueName\":\"search_term_string\"}}],\"inLanguage\":\"de\"},{\"@type\":\"Organization\",\"@id\":\"https:\\\/\\\/groupe-sfimmo.ch\\\/de\\\/#organization\",\"name\":\"Groupe SF Immo\",\"url\":\"https:\\\/\\\/groupe-sfimmo.ch\\\/de\\\/\",\"logo\":{\"@type\":\"ImageObject\",\"inLanguage\":\"de\",\"@id\":\"https:\\\/\\\/groupe-sfimmo.ch\\\/de\\\/#\\\/schema\\\/logo\\\/image\\\/\",\"url\":\"https:\\\/\\\/groupe-sfimmo.ch\\\/wp-content\\\/uploads\\\/sites\\\/37\\\/2025\\\/09\\\/25_Groupe-SF-Immo-SA-1.svg\",\"contentUrl\":\"https:\\\/\\\/groupe-sfimmo.ch\\\/wp-content\\\/uploads\\\/sites\\\/37\\\/2025\\\/09\\\/25_Groupe-SF-Immo-SA-1.svg\",\"width\":1317,\"height\":451,\"caption\":\"Groupe SF Immo\"},\"image\":{\"@id\":\"https:\\\/\\\/groupe-sfimmo.ch\\\/de\\\/#\\\/schema\\\/logo\\\/image\\\/\"}}]}<\/script>\n<!-- \/ Yoast SEO plugin. -->","yoast_head_json":{"title":"Sch\u00e4tzung - Groupe SF Immo","robots":{"index":"index","follow":"follow","max-snippet":"max-snippet:-1","max-image-preview":"max-image-preview:large","max-video-preview":"max-video-preview:-1"},"canonical":"https:\/\/groupe-sfimmo.ch\/de\/schaetzung\/","og_locale":"de_DE","og_type":"article","og_title":"Sch\u00e4tzung - Groupe SF Immo","og_url":"https:\/\/groupe-sfimmo.ch\/de\/schaetzung\/","og_site_name":"Groupe SF Immo","article_modified_time":"2024-08-21T16:00:49+00:00","twitter_card":"summary_large_image","schema":{"@context":"https:\/\/schema.org","@graph":[{"@type":"WebPage","@id":"https:\/\/groupe-sfimmo.ch\/de\/schaetzung\/","url":"https:\/\/groupe-sfimmo.ch\/de\/schaetzung\/","name":"Sch\u00e4tzung - Groupe SF Immo","isPartOf":{"@id":"https:\/\/groupe-sfimmo.ch\/de\/#website"},"datePublished":"2023-03-24T16:04:37+00:00","dateModified":"2024-08-21T16:00:49+00:00","inLanguage":"de","potentialAction":[{"@type":"ReadAction","target":["https:\/\/groupe-sfimmo.ch\/de\/schaetzung\/"]}]},{"@type":"WebSite","@id":"https:\/\/groupe-sfimmo.ch\/de\/#website","url":"https:\/\/groupe-sfimmo.ch\/de\/","name":"Groupe SF Immo","description":"","publisher":{"@id":"https:\/\/groupe-sfimmo.ch\/de\/#organization"},"potentialAction":[{"@type":"SearchAction","target":{"@type":"EntryPoint","urlTemplate":"https:\/\/groupe-sfimmo.ch\/de\/?s={search_term_string}"},"query-input":{"@type":"PropertyValueSpecification","valueRequired":true,"valueName":"search_term_string"}}],"inLanguage":"de"},{"@type":"Organization","@id":"https:\/\/groupe-sfimmo.ch\/de\/#organization","name":"Groupe SF Immo","url":"https:\/\/groupe-sfimmo.ch\/de\/","logo":{"@type":"ImageObject","inLanguage":"de","@id":"https:\/\/groupe-sfimmo.ch\/de\/#\/schema\/logo\/image\/","url":"https:\/\/groupe-sfimmo.ch\/wp-content\/uploads\/sites\/37\/2025\/09\/25_Groupe-SF-Immo-SA-1.svg","contentUrl":"https:\/\/groupe-sfimmo.ch\/wp-content\/uploads\/sites\/37\/2025\/09\/25_Groupe-SF-Immo-SA-1.svg","width":1317,"height":451,"caption":"Groupe SF Immo"},"image":{"@id":"https:\/\/groupe-sfimmo.ch\/de\/#\/schema\/logo\/image\/"}}]}},"_links":{"self":[{"href":"https:\/\/groupe-sfimmo.ch\/de\/wp-json\/wp\/v2\/pages\/2301","targetHints":{"allow":["GET"]}}],"collection":[{"href":"https:\/\/groupe-sfimmo.ch\/de\/wp-json\/wp\/v2\/pages"}],"about":[{"href":"https:\/\/groupe-sfimmo.ch\/de\/wp-json\/wp\/v2\/types\/page"}],"author":[{"embeddable":true,"href":"https:\/\/groupe-sfimmo.ch\/de\/wp-json\/wp\/v2\/users\/1"}],"replies":[{"embeddable":true,"href":"https:\/\/groupe-sfimmo.ch\/de\/wp-json\/wp\/v2\/comments?post=2301"}],"version-history":[{"count":0,"href":"https:\/\/groupe-sfimmo.ch\/de\/wp-json\/wp\/v2\/pages\/2301\/revisions"}],"wp:attachment":[{"href":"https:\/\/groupe-sfimmo.ch\/de\/wp-json\/wp\/v2\/media?parent=2301"}],"curies":[{"name":"wp","href":"https:\/\/api.w.org\/{rel}","templated":true}]}}