{"id":2273,"date":"2024-06-13T10:11:33","date_gmt":"2024-06-13T08:11:33","guid":{"rendered":"https:\/\/groupe-sfimmo.ch\/accueil\/"},"modified":"2025-09-02T13:12:02","modified_gmt":"2025-09-02T11:12:02","slug":"accueil","status":"publish","type":"page","link":"https:\/\/groupe-sfimmo.ch\/de\/","title":{"rendered":"Startseite"},"content":{"rendered":"\n<div \n     class=\"\n        content-wrapper \n        content-wrapper--padding-top-none        content-wrapper--padding-bottom-none \n        content-wrapper--background-color-white \n         \n        content-wrapper--align-items-center \n         \n         \n                \n        banner-slider--fullheight        \n    \">\n    <div class=\"content-wrapper__anchor\" id=\"\"><\/div>\n    <div class=\"container-fluid \" style=\"margin-top: px; margin-bottom: px;\">\n        <div class=\"acf-innerblocks-container\">\n\n<div \n    class=\"\n        slider-wrapper \n        slider-wrapper--adaptive-height        slider-wrapper--fade         \n    \" \n    data-autoplay=\"\"\n    data-arrows=\"\"\n    data-dots=\"\" \n    data-adaptiveheight=\"1\"\n    >\n     \n    <div class=\"acf-innerblocks-container\">\n\n<div class=\"slide-group   \">\n    <div class=\"acf-innerblocks-container\">\n\n<div \n    class=\"image-module  content-block \">\n            <div class=\"image-module__image\">\n                            <div \n                    class=\"image-module__image__background image-module__image__background--landscape-plus lazyload\n                                        \" \n                    data-bg=\"https:\/\/groupe-sfimmo.ch\/wp-content\/uploads\/sites\/37\/2024\/07\/Vaud_immobilier_gerance_city-1920x1080.jpg\">\n                <\/div>\n                    <\/div>\n    <\/div>\n\n<\/div>\n<\/div>\n\n\n<div class=\"slide-group   \">\n    <div class=\"acf-innerblocks-container\">\n\n<div \n    class=\"image-module  content-block \">\n            <div class=\"image-module__image\">\n                            <div \n                    class=\"image-module__image__background image-module__image__background--landscape-plus lazyload\n                                        \" \n                    data-bg=\"https:\/\/groupe-sfimmo.ch\/wp-content\/uploads\/sites\/37\/2024\/07\/Geneve_immobilier_courtage_city-1920x1080.jpg\">\n                <\/div>\n                    <\/div>\n    <\/div>\n\n<\/div>\n<\/div>\n\n\n<div class=\"slide-group   \">\n    <div class=\"acf-innerblocks-container\">\n\n<div \n    class=\"image-module  content-block \">\n            <div class=\"image-module__image\">\n                            <div \n                    class=\"image-module__image__background image-module__image__background--landscape-plus lazyload\n                                        \" \n                    data-bg=\"https:\/\/groupe-sfimmo.ch\/wp-content\/uploads\/sites\/37\/2024\/07\/Valais_immobilier_gerance_city-1920x1080.jpg\">\n                <\/div>\n                    <\/div>\n    <\/div>\n\n<\/div>\n<\/div>\n\n\n<div class=\"slide-group   \">\n    <div class=\"acf-innerblocks-container\">\n\n<div \n    class=\"image-module  content-block \">\n            <div class=\"image-module__image\">\n                            <div \n                    class=\"image-module__image__background image-module__image__background--landscape-plus lazyload\n                                        \" \n                    data-bg=\"https:\/\/groupe-sfimmo.ch\/wp-content\/uploads\/sites\/37\/2024\/07\/Fribourg_immobilier_courtage_city-1920x1080.jpg\">\n                <\/div>\n                    <\/div>\n    <\/div>\n\n<\/div>\n<\/div>\n\n\n<div class=\"slide-group   \">\n    <div class=\"acf-innerblocks-container\">\n\n<div \n    class=\"image-module  content-block \">\n            <div class=\"image-module__image\">\n                            <div \n                    class=\"image-module__image__background image-module__image__background--landscape-plus lazyload\n                                        \" \n                    data-bg=\"https:\/\/groupe-sfimmo.ch\/wp-content\/uploads\/sites\/37\/2024\/07\/Neuchatel_immobilier_courtage_lac-1920x1080.jpg\">\n                <\/div>\n                    <\/div>\n    <\/div>\n\n<\/div>\n<\/div>\n<\/div>\n<\/div>\n\n\n\n\n\n\n\n\n\n\n<div \n     class=\"\n        content-wrapper \n        content-wrapper--padding-top-default        content-wrapper--padding-bottom-default \n        content-wrapper--background-color-white \n         \n         \n         \n         \n                \n                \n    \">\n    <div class=\"content-wrapper__anchor\" id=\"\"><\/div>\n    <div class=\"container \" style=\"margin-top: px; margin-bottom: px;\">\n        <div class=\"acf-innerblocks-container\">\n<div class=\"text-module content-block\">\n            <div class=\"text-module__text cs-text-thin \"> \n            <h1>Willkommen bei Groupe SF Immo SA<\/h1>\n<h3 class=\"text-offset\">Das Know-how der Immobilienbranche<\/h3>\n        <\/div>\n        <\/div>\n\n\n<div class=\"buttons-module  content-block \">\n            <div class=\"buttons-module__buttons\">\n                                                                                                                <a \n                        class=\"btn btn-primary \" \n                        href=\"\/immobilien\/?availabilities%5B0%5D=activeavailabilities%5B1%5D=takenavailabilities%5B2%5D=reserved\" \n                                            >\n                        Unsere Immobilien                    <\/a>\n                                    <\/div>\n    <\/div>\n\n<\/div>\n    <\/div>\n<\/div>\n<\/div>\n    <\/div>\n<\/div>\n<div \n     class=\"\n        content-wrapper \n        content-wrapper--padding-top-default        content-wrapper--padding-bottom-default \n        content-wrapper--background-color-white \n         \n         \n         \n         \n                \n                \n    \">\n    <div class=\"content-wrapper__anchor\" id=\"\"><\/div>\n    <div class=\"container \" style=\"margin-top: px; margin-bottom: px;\">\n        <div class=\"acf-innerblocks-container\">\n\n<div class=\"wp-block-columns is-layout-flex wp-container-core-columns-is-layout-28f84493 wp-block-columns-is-layout-flex\">\n<div class=\"wp-block-column is-layout-flow wp-block-column-is-layout-flow\" style=\"flex-basis:16%\"><\/div>\n\n\n\n<div class=\"wp-block-column is-layout-flow wp-block-column-is-layout-flow\"><div class=\"text-module content-block\">\n            <div class=\"text-module__text cs-text-thin \"> \n            <h4>Das Know-how der Immobilienbranche<\/h4>\n<h1>Sie k\u00f6nnen sich auf unsere Erfahrung verlassen<\/h1>\n        <\/div>\n        <\/div>\n\n\n<div class=\"text-module content-block\">\n            <div class=\"text-module__text cs-text-thin  text-module__text--offset \"> \n            <div> Die Gruppe SF Immo SA verf\u00fcgt \u00fcber mehr als zwanzig Jahre Erfahrung in der Immobilienbranche und hat sich auf folgende Bereiche spezialisiert: <\/p>\n<ul>\n<li>Immobilienverwaltung<\/li>\n<li>Verwaltung von Eigentumswohnungen<\/li>\n<li>Maklert\u00e4tigkeit<\/li>\n<li>Sch\u00e4tzung<\/li>\n<li>Immobilienberatung<\/li>\n<li>\u00dcberwachung von Renovierungsarbeiten<\/li>\n<\/ul>\n<\/div>\n<div><\/div>\n<div> Sie ist heute in der gesamten Romandie t\u00e4tig und besteht aus qualifizierten, motivierten und dynamischen Personen mit wachsenden Kompetenzen. Unsere detaillierten Kenntnisse der Region und ihres Immobilienbestands machen uns zu erstklassigen Ansprechpartnern. F\u00fcr unsere Kunden geben wir unser Bestes und bieten ihnen einen ma\u00dfgeschneiderten Service. Der gute Ruf, den wir uns erworben haben, sowie unsere Mitgliedschaft in anerkannten Branchenverb\u00e4nden garantieren eine professionelle Arbeit, die sich an die ethischen Regeln unseres Berufsstandes h\u00e4lt. <\/div>\n        <\/div>\n        <\/div>\n\n\n<div class=\"buttons-module  buttons-module--offset  content-block \">\n            <div class=\"buttons-module__buttons\">\n                                                                                                                <a \n                        class=\"btn btn-primary \" \n                        href=\"\/presentation\" \n                                            >\n                        Mehr erfahren                    <\/a>\n                                    <\/div>\n    <\/div>\n<\/div>\n\n\n\n<div class=\"wp-block-column is-layout-flow wp-block-column-is-layout-flow\" style=\"flex-basis:16%\"><\/div>\n<\/div>\n\n<\/div>\n    <\/div>\n<\/div>\n<div \n     class=\"\n        content-wrapper \n        content-wrapper--padding-top-default        content-wrapper--padding-bottom-default \n        content-wrapper--background-color-light \n         \n         \n         \n         \n                \n                \n    \">\n    <div class=\"content-wrapper__anchor\" id=\"\"><\/div>\n    <div class=\"container \" style=\"margin-top: px; margin-bottom: px;\">\n        <div class=\"acf-innerblocks-container\">\n<div class=\"text-module content-block\">\n            <div class=\"text-module__text cs-text-thin \"> \n            <h4>\u00dcber uns<\/h4>\n        <\/div>\n        <\/div>\n\n\n\n<div class=\"wp-block-columns is-layout-flex wp-container-core-columns-is-layout-28f84493 wp-block-columns-is-layout-flex\">\n<div class=\"wp-block-column is-layout-flow wp-block-column-is-layout-flow\"><div class=\"text-module content-block\">\n            <div class=\"text-module__text cs-text-thin \"> \n            <h3>Service<\/h3>\n<p> Der Wille, unseren Kunden zu dienen, steht im Mittelpunkt unseres Engagements. Wir achten darauf, stets verf\u00fcgbar zu sein und ein offenes Ohr f\u00fcr ihre Bed\u00fcrfnisse zu haben. Wir bearbeiten ihre Anfragen mit gr\u00f6\u00dfter Sorgfalt und sorgen im Rahmen unserer Kompetenzbereiche f\u00fcr ihre volle Zufriedenheit.<\/p>\n        <\/div>\n        <\/div>\n<\/div>\n\n\n\n<div class=\"wp-block-column is-layout-flow wp-block-column-is-layout-flow\"><div class=\"text-module content-block\">\n            <div class=\"text-module__text cs-text-thin \"> \n            <h3>Leistung<\/h3>\n<p> Dank unseres Know-hows, unserer Erfahrung und unseres Engagements \u00fcben wir unsere T\u00e4tigkeit konsequent aus, um Leistungen auf hohem Qualit\u00e4tsniveau zu erbringen. Durch die N\u00e4he zu unseren M\u00e4rkten und die Pflege enger Beziehungen zu unseren Kunden tragen wir zur Schaffung von Mehrwert bei. Unsere Dynamik und unsere Kompetenzen motivieren uns, f\u00fcr unsere Kunden die Herausforderungen anzunehmen, die sich durch wettbewerbsf\u00e4hige und innovative L\u00f6sungen ergeben, um die gesteckten Ziele zu erreichen.<\/p>\n        <\/div>\n        <\/div>\n<\/div>\n<\/div>\n\n<\/div>\n    <\/div>\n<\/div>\n<div \n     class=\"\n        content-wrapper \n        content-wrapper--padding-top-default        content-wrapper--padding-bottom-default \n        content-wrapper--background-color-white \n         \n         \n         \n         \n                \n                \n    \">\n    <div class=\"content-wrapper__anchor\" id=\"\"><\/div>\n    <div class=\"container \" style=\"margin-top: px; margin-bottom: px;\">\n        <div class=\"acf-innerblocks-container\">\n\n<div class=\"wp-block-columns is-layout-flex wp-container-core-columns-is-layout-28f84493 wp-block-columns-is-layout-flex\">\n<div class=\"wp-block-column is-layout-flow wp-block-column-is-layout-flow\"><div class=\"text-module content-block\">\n            <div class=\"text-module__text cs-text-thin \"> \n            <h3>Ethik<\/h3>\n<p> Da wir davon \u00fcberzeugt sind, dass der Aufbau fairer und dauerhafter Beziehungen mit gegenseitigem Respekt auf Integrit\u00e4t, Loyalit\u00e4t und Fairness beruht, verpflichten wir uns, uns unter allen Umst\u00e4nden ethisch, moralisch und rechtlich einwandfrei zu verhalten. Auf diese Weise nehmen wir unter anderem unsere menschliche und soziale Verantwortung wahr.<\/p>\n        <\/div>\n        <\/div>\n<\/div>\n\n\n\n<div class=\"wp-block-column is-layout-flow wp-block-column-is-layout-flow\"><div class=\"text-module content-block\">\n            <div class=\"text-module__text cs-text-thin \"> \n            <h3>Nachhaltige Entwicklung<\/h3>\n<p> Unsere soziale und \u00f6kologische Verantwortung muss \u00fcberall dort zum Tragen kommen, wo wir uns engagieren k\u00f6nnen, sowohl innerhalb unseres Unternehmens als auch durch die Produkte und Dienstleistungen, die wir anbieten. \u00dcber Normen und Standards hinaus wollen wir auf aktive und verantwortungsvolle Weise dazu beitragen, die F\u00e4higkeit k\u00fcnftiger Generationen, sich zu entwickeln und zu gedeihen, zu erhalten. Nur durch Antizipation und Anpassung kann der Fortbestand gesichert werden.<\/p>\n        <\/div>\n        <\/div>\n<\/div>\n<\/div>\n\n<\/div>\n    <\/div>\n<\/div>\n<div \n     class=\"\n        content-wrapper \n        content-wrapper--padding-top-none        content-wrapper--padding-bottom-none \n        content-wrapper--background-color-white \n         \n        content-wrapper--align-items-center \n         \n         \n                \n                \n    \">\n    <div class=\"content-wrapper__anchor\" id=\"\"><\/div>\n    <div class=\"container-fluid \" style=\"margin-top: px; margin-bottom: px;\">\n        <div class=\"acf-innerblocks-container\">\n\n<div \n    class=\"image-module  content-block \">\n            <div class=\"image-module__image\">\n                            <img \n                    class=\"img-fluid image-module__image__img lazyload\" \n                    width=\"2560\" \n                    height=\"512\" \n                    data-src=\"https:\/\/groupe-sfimmo.ch\/wp-content\/uploads\/sites\/37\/2024\/07\/Neuchatel_immobilier_courtage_footer-1920x384.jpg\" \n                    alt=\"\">\n                    <\/div>\n    <\/div>\n\n<\/div>\n    <\/div>\n<\/div>","protected":false},"excerpt":{"rendered":"","protected":false},"author":1,"featured_media":0,"parent":0,"menu_order":0,"comment_status":"closed","ping_status":"closed","template":"","meta":{"_acf_changed":false,"inline_featured_image":false,"footnotes":""},"class_list":["post-2273","page","type-page","status-publish","hentry"],"acf":[],"yoast_head":"<!-- This site is optimized with the Yoast SEO plugin v27.3 - https:\/\/yoast.com\/product\/yoast-seo-wordpress\/ -->\n<title>Startseite - Groupe SF Immo<\/title>\n<meta name=\"robots\" content=\"index, follow, max-snippet:-1, max-image-preview:large, max-video-preview:-1\" \/>\n<link rel=\"canonical\" href=\"https:\/\/groupe-sfimmo.ch\/de\/\" \/>\n<meta property=\"og:locale\" content=\"de_DE\" \/>\n<meta property=\"og:type\" content=\"article\" \/>\n<meta property=\"og:title\" content=\"Startseite - Groupe SF Immo\" \/>\n<meta property=\"og:url\" content=\"https:\/\/groupe-sfimmo.ch\/de\/\" \/>\n<meta property=\"og:site_name\" content=\"Groupe SF Immo\" \/>\n<meta property=\"article:modified_time\" content=\"2025-09-02T11:12:02+00:00\" \/>\n<meta name=\"twitter:card\" content=\"summary_large_image\" \/>\n<script type=\"application\/ld+json\" class=\"yoast-schema-graph\">{\"@context\":\"https:\\\/\\\/schema.org\",\"@graph\":[{\"@type\":\"WebPage\",\"@id\":\"https:\\\/\\\/groupe-sfimmo.ch\\\/de\\\/\",\"url\":\"https:\\\/\\\/groupe-sfimmo.ch\\\/de\\\/\",\"name\":\"Startseite - Groupe SF Immo\",\"isPartOf\":{\"@id\":\"https:\\\/\\\/groupe-sfimmo.ch\\\/de\\\/#website\"},\"datePublished\":\"2024-06-13T08:11:33+00:00\",\"dateModified\":\"2025-09-02T11:12:02+00:00\",\"inLanguage\":\"de\",\"potentialAction\":[{\"@type\":\"ReadAction\",\"target\":[\"https:\\\/\\\/groupe-sfimmo.ch\\\/de\\\/\"]}]},{\"@type\":\"WebSite\",\"@id\":\"https:\\\/\\\/groupe-sfimmo.ch\\\/de\\\/#website\",\"url\":\"https:\\\/\\\/groupe-sfimmo.ch\\\/de\\\/\",\"name\":\"Groupe SF Immo\",\"description\":\"\",\"publisher\":{\"@id\":\"https:\\\/\\\/groupe-sfimmo.ch\\\/de\\\/#organization\"},\"potentialAction\":[{\"@type\":\"SearchAction\",\"target\":{\"@type\":\"EntryPoint\",\"urlTemplate\":\"https:\\\/\\\/groupe-sfimmo.ch\\\/de\\\/?s={search_term_string}\"},\"query-input\":{\"@type\":\"PropertyValueSpecification\",\"valueRequired\":true,\"valueName\":\"search_term_string\"}}],\"inLanguage\":\"de\"},{\"@type\":\"Organization\",\"@id\":\"https:\\\/\\\/groupe-sfimmo.ch\\\/de\\\/#organization\",\"name\":\"Groupe SF Immo\",\"url\":\"https:\\\/\\\/groupe-sfimmo.ch\\\/de\\\/\",\"logo\":{\"@type\":\"ImageObject\",\"inLanguage\":\"de\",\"@id\":\"https:\\\/\\\/groupe-sfimmo.ch\\\/de\\\/#\\\/schema\\\/logo\\\/image\\\/\",\"url\":\"https:\\\/\\\/groupe-sfimmo.ch\\\/wp-content\\\/uploads\\\/sites\\\/37\\\/2025\\\/09\\\/25_Groupe-SF-Immo-SA-1.svg\",\"contentUrl\":\"https:\\\/\\\/groupe-sfimmo.ch\\\/wp-content\\\/uploads\\\/sites\\\/37\\\/2025\\\/09\\\/25_Groupe-SF-Immo-SA-1.svg\",\"width\":1317,\"height\":451,\"caption\":\"Groupe SF Immo\"},\"image\":{\"@id\":\"https:\\\/\\\/groupe-sfimmo.ch\\\/de\\\/#\\\/schema\\\/logo\\\/image\\\/\"}}]}<\/script>\n<!-- \/ Yoast SEO plugin. -->","yoast_head_json":{"title":"Startseite - Groupe SF Immo","robots":{"index":"index","follow":"follow","max-snippet":"max-snippet:-1","max-image-preview":"max-image-preview:large","max-video-preview":"max-video-preview:-1"},"canonical":"https:\/\/groupe-sfimmo.ch\/de\/","og_locale":"de_DE","og_type":"article","og_title":"Startseite - Groupe SF Immo","og_url":"https:\/\/groupe-sfimmo.ch\/de\/","og_site_name":"Groupe SF Immo","article_modified_time":"2025-09-02T11:12:02+00:00","twitter_card":"summary_large_image","schema":{"@context":"https:\/\/schema.org","@graph":[{"@type":"WebPage","@id":"https:\/\/groupe-sfimmo.ch\/de\/","url":"https:\/\/groupe-sfimmo.ch\/de\/","name":"Startseite - Groupe SF Immo","isPartOf":{"@id":"https:\/\/groupe-sfimmo.ch\/de\/#website"},"datePublished":"2024-06-13T08:11:33+00:00","dateModified":"2025-09-02T11:12:02+00:00","inLanguage":"de","potentialAction":[{"@type":"ReadAction","target":["https:\/\/groupe-sfimmo.ch\/de\/"]}]},{"@type":"WebSite","@id":"https:\/\/groupe-sfimmo.ch\/de\/#website","url":"https:\/\/groupe-sfimmo.ch\/de\/","name":"Groupe SF Immo","description":"","publisher":{"@id":"https:\/\/groupe-sfimmo.ch\/de\/#organization"},"potentialAction":[{"@type":"SearchAction","target":{"@type":"EntryPoint","urlTemplate":"https:\/\/groupe-sfimmo.ch\/de\/?s={search_term_string}"},"query-input":{"@type":"PropertyValueSpecification","valueRequired":true,"valueName":"search_term_string"}}],"inLanguage":"de"},{"@type":"Organization","@id":"https:\/\/groupe-sfimmo.ch\/de\/#organization","name":"Groupe SF Immo","url":"https:\/\/groupe-sfimmo.ch\/de\/","logo":{"@type":"ImageObject","inLanguage":"de","@id":"https:\/\/groupe-sfimmo.ch\/de\/#\/schema\/logo\/image\/","url":"https:\/\/groupe-sfimmo.ch\/wp-content\/uploads\/sites\/37\/2025\/09\/25_Groupe-SF-Immo-SA-1.svg","contentUrl":"https:\/\/groupe-sfimmo.ch\/wp-content\/uploads\/sites\/37\/2025\/09\/25_Groupe-SF-Immo-SA-1.svg","width":1317,"height":451,"caption":"Groupe SF Immo"},"image":{"@id":"https:\/\/groupe-sfimmo.ch\/de\/#\/schema\/logo\/image\/"}}]}},"_links":{"self":[{"href":"https:\/\/groupe-sfimmo.ch\/de\/wp-json\/wp\/v2\/pages\/2273","targetHints":{"allow":["GET"]}}],"collection":[{"href":"https:\/\/groupe-sfimmo.ch\/de\/wp-json\/wp\/v2\/pages"}],"about":[{"href":"https:\/\/groupe-sfimmo.ch\/de\/wp-json\/wp\/v2\/types\/page"}],"author":[{"embeddable":true,"href":"https:\/\/groupe-sfimmo.ch\/de\/wp-json\/wp\/v2\/users\/1"}],"replies":[{"embeddable":true,"href":"https:\/\/groupe-sfimmo.ch\/de\/wp-json\/wp\/v2\/comments?post=2273"}],"version-history":[{"count":0,"href":"https:\/\/groupe-sfimmo.ch\/de\/wp-json\/wp\/v2\/pages\/2273\/revisions"}],"wp:attachment":[{"href":"https:\/\/groupe-sfimmo.ch\/de\/wp-json\/wp\/v2\/media?parent=2273"}],"curies":[{"name":"wp","href":"https:\/\/api.w.org\/{rel}","templated":true}]}}