{"id":15,"date":"2024-06-13T11:06:24","date_gmt":"2024-06-13T09:06:24","guid":{"rendered":"https:\/\/groupe-sf-immo.titanit.casasoft.ch\/datenschutz\/"},"modified":"2024-08-21T16:43:31","modified_gmt":"2024-08-21T14:43:31","slug":"datenschutz","status":"publish","type":"page","link":"https:\/\/groupe-sfimmo.ch\/de\/datenschutz\/","title":{"rendered":"Datenschutz"},"content":{"rendered":"\n<h2 class=\"wp-block-heading\">Datenschutz<\/h2>\n<div class=\"casawp-legal__page casawp-legal__page--terms\"><ol>\n\t<li><a href=\"#term_1\">Datenschutzerkl\u00e4rung<\/a><\/li>\n\t<li><a href=\"#term_2\">Bearbeitung von Personendaten<\/a><\/li>\n\t<li><a href=\"#term_3\">Daten, welche direkt von uns erhoben werden<\/a>\n\t\t<ol>\n\t\t\t<li><a href=\"#term_3_1\">Anfrageformulare<\/a><\/li>\n\t\t\t<li><a href=\"#term_3_2\">Erfassung eines Immobiliensuchprofils<\/a><\/li>\n\t\t\t<li><a href=\"#term_3_3\">Registrierung f\u00fcr den Newsletter<\/a><\/li>\n\t\t\t<li><a href=\"#term_3_4\">Datenerhebung bei Bewerbungen<\/a><\/li>\n\t\t<\/ol>\n  \t<\/li>\n  \t<li><a href=\"#term_4\">Daten, welche durch Dienstleistungen Dritter erhoben werden<\/a>\n\t\t<ol>\n\t\t\t<li><a href=\"#term_4_1\">Cookies<\/a><\/li>\n\t\t\t<li><a href=\"#term_4_2\">Verwendung von Google Analytics<\/a><\/li>\n\t\t\t<li><a href=\"#term_4_3\">Verwendung von Scriptbibliotheken<\/a><\/li>\n\t\t\t<li><a href=\"#term_4_4\">Verwendung von Google Maps<\/a><\/li>\n\t\t\t<li><a href=\"#term_4_5\">Verwendung von Social Plugins<\/a><\/li>\n\t\t<\/ol>\n\t<\/li>\n\t<li><a href=\"#term_5\">Weitergabe Ihrer Daten an Dritte<\/a><\/li>\n\t<li><a href=\"#term_6\">\u00dcbermittlung personenbezogener Daten ins Ausland<\/a><\/li>\n\t<li><a href=\"#term_7\">Dauer der Speicherung Ihrer Daten<\/a><\/li>\n\t<li><a href=\"#term_8\">Schutz Ihrer Daten<\/a><\/li>\n\t<li><a href=\"#term_9\">Ihre Rechte als Benutzer unserer Webseite<\/a><\/li>\n\t<li><a href=\"#term_10\">Verantwortung<\/a><\/li>\n<\/ol>\n\n\n\n<h2 id=\"term_1\">Datenschutzerkl\u00e4rung<\/h2>\n<p>Die nachfolgende Datenschutzerkl\u00e4rung gilt f\u00fcr die Nutzung dieser Website. Eine Nutzung unserer Website ist grunds\u00e4tzlich ohne jede Angabe von Personendaten m\u00f6glich. Sofern Sie jedoch \u00fcber unsere Website eine besondere Dienstleistung unseres Unternehmens in Anspruch nehmen m\u00f6chten, k\u00f6nnte eine Bearbeitung von Personendaten erforderlich werden.<\/p>\n<p>Diese Webseite unterliegt dem <a href=\"https:\/\/www.fedlex.admin.ch\/eli\/oc\/2022\/491\/de\" target=\"_blank\">Bundesgesetz \u00fcber den Datenschutz (DSG)<\/a> und ber\u00fccksichtigt die zentralen Punkte der <a href=\"https:\/\/www.gdprexplained.eu\/de\/\" target=\"_blank\">Datenschutz-Grundverordnung (DSGVO)<\/a> der Europ\u00e4ischen Union (EU).<\/p>\n<p>Im Rahmen der geltenden Datenschutzgesetze und technischen M\u00f6glichkeiten sind wir um die Sicherheit Ihrer Daten bem\u00fcht. Ihre Personendaten werden bei uns in der Regel verschl\u00fcsselt \u00fcbertragen. Wir benutzen das Codierungssystem SSL (Secure Socket Layer), weisen jedoch darauf hin, dass die Daten\u00fcbertragung im Internet (z. B. bei einer Kommunikation per E-Mail) Sicherheitsl\u00fccken aufweisen kann.<\/p>\n<p>Diese Datenschutzerkl\u00e4rung wird laufend erg\u00e4nzt und den rechtlichen Anforderungen sowie den angebotenen Dienstleistungen angepasst. Es gilt jeweils die aktuelle Datenschutzerkl\u00e4rung. Die \u00c4nderungen treten in Kraft, sobald sie auf unserer Website ver\u00f6ffentlicht wurden.<\/p>\n<h2 id=\"term_2\">Bearbeitung von Personendaten<\/h2>\n<p>Sie haben die M\u00f6glichkeit, sich auf der Website f\u00fcr verschiedene Dienstleistungen unter Angabe Ihrer Personendaten zu registrieren. Welche Personendaten dabei an den f\u00fcr die Bearbeitung Verantwortlichen \u00fcbermittelt werden, ergibt sich in der Regel aus der Eingabemaske, die jeweils f\u00fcr die Registrierung verwendet wird.<\/p>\n<p><strong>Personendaten<\/strong> sind alle Informationen, die sich auf eine bestimmte oder bestimmbare Person beziehen. Dies kann z. B. der Name, die Anschrift, die E-Mail-Adresse oder auch die Telefonnummer einer Person sein. Diese Personendaten k\u00f6nnen von uns bearbeitet werden. Unter <strong>Bearbeitung<\/strong> versteht man jeden mit oder ohne Hilfe automatisierter Verfahren ausgef\u00fchrten Vorgang oder jede solche Vorgangsreihe im Zusammenhang mit Personendaten, darunter das Erheben, die Erfassung, die Organisation, die Sortierung, die Speicherung, die Anpassung oder Ver\u00e4nderung, die Auslesung, die Abfrage, die Verwendung, die Offenlegung durch \u00dcbermittlung, Verbreitung oder eine andere Form der Bereitstellung, den Abgleich oder die Verkn\u00fcpfung, die Einschr\u00e4nkung, die L\u00f6schung oder die Vernichtung.<\/p>\n<p><strong>Die von Ihnen eingegebenen Personendaten werden ausschliesslich f\u00fcr die interne Verwendung beim f\u00fcr die Bearbeitung Verantwortlichen und f\u00fcr eigene Zwecke erhoben und gespeichert. Wo immer m\u00f6glich, werden die Daten anonymisiert. Unter Anonymisierung versteht man, dass keine R\u00fcckschl\u00fcsse hinsichtlich der betroffenen Person gezogen werden k\u00f6nnen.<\/strong><\/p>\n<p>Das Kriterium f\u00fcr die Dauer der Speicherung von Personendaten ist die jeweilige gesetzliche Aufbewahrungsfrist oder ein berechtigtes Interesse unsererseits an deren Aufbewahrung, z.B. die Vertragserf\u00fcllung oder Beweissicherungszwecke. Danach werden die entsprechenden Daten routinem\u00e4ssig gel\u00f6scht.<\/p>\n<h2 id=\"term_3\">Daten, welche direkt von uns erhoben werden<\/h2>\n<p>Im Rahmen der Nutzung unserer Website und der damit verbundenen Dienstleistungen k\u00f6nnen wir folgende Personendaten erheben:<\/p>\n<h3 id=\"term_3_1\">Anfrageformulare<\/h3>\n<p>Wenn Sie sich f\u00fcr ein bestimmtes Immobilienangebot interessieren, k\u00f6nnen Sie per Formular eine an uns Anfrage stellen. Welche Personendaten bei der Anfrage \u00fcbermittelt werden, ergibt sich aus der entsprechenden Eingabemaske. Ihre Daten k\u00f6nnen in der Software eines Drittanbieters manuell erfasst oder per Schnittstelle importiert werden. Entsprechend der gespeicherten Daten k\u00f6nnen wir Ihnen andere, den Kriterien Ihrer Anfrage entsprechende Immobilienangebote machen. Die Erkennung von relevanten Immobilienangeboten kann manuell oder maschinell durch eine Software erfolgen. Sie k\u00f6nnen von uns per E-Mail, postalischem Schreiben oder mittels Telefon \u00fcber solche Immobilienangebote informiert werden. Sie haben jederzeit die M\u00f6glichkeit, sich von dieser Dienstleistung abzumelden.<\/p>\n<h3 id=\"term_3_2\">Erfassung eines Immobiliensuchprofils<\/h3>\n<p>Auf unserer Website wird den Benutzern die M\u00f6glichkeit geboten, per Formular ein Immobiliensuchprofil zu hinterlegen. Ein Immobiliensuchprofil hat den Zweck, uns Ihre Pr\u00e4ferenzen hinsichtlich der Immobiliensuche mitzuteilen. Welche Personendaten bei der Hinterlegung eines Formulars \u00fcbermittelt werden, ergibt sich aus der hierzu verwendeten Eingabemaske.<\/p>\n<p>Die zur Erfassung eines Immobiliensuchprofils erhobenen Personendaten werden ausschliesslich dazu verwendet Ihnen Informationen \u00fcber passende Immobilienangebote zukommen zu lassen. Die \u00fcbermittelten Daten k\u00f6nnen in der Software eines Drittanbieters manuell erfasst oder per Schnittstelle importiert werden. Sollten gem\u00e4ss den Suchkriterien passende Immobilienobjekte vorliegen, k\u00f6nnen wir Sie per E-Mail, postalischen Schreibens oder mittels Telefon davon in Kenntnis setzen. Auch k\u00f6nnen wir Sie in regelm\u00e4ssigen Abst\u00e4nden um die Aktualisierung Ihrer Personendaten im Immobiliensuchprofils kontaktieren. Sie haben jederzeit die M\u00f6glichkeit, das Immobiliensuchprofil tempor\u00e4r zu deaktivieren oder ganz zu l\u00f6schen.<\/p>\n<h3 id=\"term_3_3\">Registrierung f\u00fcr den Newsletter<\/h3>\n<p>Sie k\u00f6nnen sich per Formular oder E-Mail f\u00fcr den Newsletter unseres Unternehmens anmelden.  Wenn m\u00f6glich, wird beim erstmaligen Versand des Newsletters im Double-Opt-in-Verfahren eine Best\u00e4tigungsmail an die eingetragene E-Mail-Adresse versandt.  Sie haben jederzeit die M\u00f6glichkeit, sich vom Newsletter abzumelden. In jedem Newsletter befindet sich ein entsprechender Abmeldelink. Sollte dieser Link fehlen, bitten wir Sie, sich bei der datenschutzbeauftragten Person unserer Website zu melden.<\/p>\n<p>Unser Newsletter kann ein Z\u00e4hlpixel enthalten. Ein Z\u00e4hlpixel ist eine Miniaturgrafik, die in solche E-Mails eingebettet wird, um die Aufzeichnung und Analyse von Logdateien zu erm\u00f6glichen. Diese dienen der statistischen Auswertung des Erfolgs oder Misserfolgs von Online-Marketingkampagnen. Die Analyse kann anonymisiert oder mit R\u00fcckschluss auf Personendaten erfolgen. Sie k\u00f6nnen in den Einstellungen aller g\u00e4ngigen E-Mail Programme das Laden dieser externen Grafiken \/ Z\u00e4hlpixel deaktivieren.<\/p>\n<h3 id=\"term_3_4\">Datenerhebung bei Bewerbungen<\/h3>\n<p>Wir k\u00f6nnen Personendaten erheben und bearbeiten, die von Bewerbern im Rahmen eines Bewerbungsverfahrens zur Verf\u00fcgung gestellt werden. Die Bearbeitung kann auch auf elektronischem Weg erfolgen. Dies ist insbesondere dann der Fall, wenn ein Bewerber entsprechende Bewerbungsunterlagen auf elektronischem Weg, beispielsweise per E-Mail oder \u00fcber ein auf der Website befindliches Webformular, an uns \u00fcbermittelt. Die \u00fcbermittelten Daten werden ausschliesslich im Zusammenhang mit dem angefragten Stellenprofil genutzt.<\/p>\n<h2 id=\"term_4\">Daten, welche durch Dienstleistungen Dritter erhoben werden<\/h2>\n<p>Um die Qualit\u00e4t unserer Dienstleistungen kontinuierlich zu verbessern, sind auf unserer Website folgende Technologien eingebunden:<\/p>\n<h3 id=\"term_4_1\">Cookies<\/h3>\n<p>In bestimmten F\u00e4llen k\u00f6nnen wir Cookies einsetzen. Durch Cookies k\u00f6nnen Informationen und Angebote auf unserer Website im Sinne der Benutzer optimiert werden. Cookies erm\u00f6glichen uns die Wiedererkennung von Benutzern unserer Website. Zweck dieser Wiedererkennung ist es, den Benutzern die Verwendung unserer Website zu erleichtern. Sie k\u00f6nnen die Setzung von Cookies durch unsere Website jederzeit \u00fcber eine entsprechende Einstellung im von Ihnen genutzten Internetbrowser verhindern und damit der Setzung von Cookies dauerhaft widersprechen.<\/p>\n<h3 id=\"term_4_2\">Verwendung von Google Analytics<\/h3>\n<p>Google Analytics ist ein Webanalysedienst. Unsere Webanalyse umfasst die anonyme Erhebung, Sammlung und Auswertung von Daten betreffend das Verhalten von Besuchern von Websites. Ein Webanalysedienst erfasst unter anderem Daten dar\u00fcber, von welcher Drittwebsite ein Benutzer auf unsere Website gekommen ist, auf welche Unterseiten der Website zugegriffen oder wie oft und f\u00fcr welche Verweildauer eine Unterseite betrachtet wurde. Zur Aufzeichnung dieser Informationen setzt Google Analytics ein Cookie ein. Wie oben erw\u00e4hnt, k\u00f6nnen Sie die Setzung von Cookies durch unsere Website jederzeit \u00fcber eine entsprechende Einstellung im von Ihnen benutzten Internetbrowser verhindern.<\/p>\n<h3 id=\"term_4_3\">Verwendung von Scriptbibliotheken<\/h3>\n<p>Um Inhalte korrekt auszuliefern oder vor Spam zu sch\u00fctzen, verwenden wir auf unserer Website Scriptbibliotheken und Schriftbibliotheken (z. B. Google Webfonts f\u00fcr Schriftarten, Google Ratings f\u00fcr Bewertungen oder Google Recaptcha um die Website vor Spam zu sch\u00fctzen). Der Aufruf einer Scriptbibliothek oder Schriftbibliotheken hat zur Folge, dass eine Verbindung zum Anbieter der Bibliothek ausgel\u00f6st wird. Es ist m\u00f6glich, dass der Betreiber der Bibliothek Daten dieser Verbindung erhebt.<\/p>\n<h3 id=\"term_4_4\">Verwendung von Google Maps<\/h3>\n<p>Wir nutzen eine Schnittstelle zu geospezifischen Daten von Google, um ortsbasierte Informationen zu visualisieren. Hierbei werden von Google Daten \u00fcber die Nutzung der Kartenfunktion aufgezeichnet und verwendet. Informationen \u00fcber die Datennutzung durch Google kann den <a href=\"https:\/\/policies.google.com\/privacy?hl=de\" target=\"_blank\">Datenschutzhinweisen von Google<\/a> entnommen werden.<\/p>\n<h3 id=\"term_4_5\">Verwendung von Social Plugins<\/h3>\n<p>Auf unserer Website k\u00f6nnen Social Plug-ins verschiedener Anbieter von sozialen Netzwerken eingesetzt werden. \u00dcber diese Plug-ins nutzen die entsprechenden sozialen Netzwerken bestimmte Informationen, zu denen auch Personendaten geh\u00f6ren k\u00f6nnen. Falls die betroffene Person w\u00e4hrend des Besuchs unserer Website gleichzeitig bei einem sozialen Netzwerk eingeloggt ist, ist davon auszugehen, dass Personendaten an die sozialen Netzwerke \u00fcbermittelt werden. Wir haben keinen Einfluss darauf, welche Daten von den sozialen Netzwerken verwendet werden. Wir selbst setzen zur Aufzeichnung von Personendaten keine Social Plug-ins ein. Die Datenschutzrichtlinien der entsprechenden sozialen Netzwerke geben Aufschluss \u00fcber die Erhebung, Bearbeitung und Nutzung von Personendaten.<\/p>\n<h2 id=\"term_5\">Weitergabe Ihrer Daten an Dritte<\/h2>\n<p>Zur Betrugs- und Missbrauchsbek\u00e4mpfung oder bei sonstigem Verdacht auf strafbare Handlungen k\u00f6nnen wir Ihre Daten an in- und ausl\u00e4ndische Strafverfolgungsbeh\u00f6rden und Gerichte offenlegen.<\/p>\n<p>Abgesehen von der vorstehend beschriebenen Weitergabe Ihrer Daten geben wir Ihre Daten nur weiter, wenn Sie gem\u00e4ss anwendbarem Datenschutzrecht entweder ausdr\u00fccklich eingewilligt haben, hierf\u00fcr eine gesetzliche Verpflichtung besteht oder dies zur Durchsetzung unserer Rechte, insbesondere zur Durchsetzung von Anspr\u00fcchen aus dem Vertragsverh\u00e4ltnis, was ein \u00fcberwiegendes Interesse von uns darstellt, erforderlich ist.<\/p>\n<h2 id=\"term_6\">\u00dcbermittlung personenbezogener Daten ins Ausland<\/h2>\t\n<p>Wir k\u00f6nnen Ihre personenbezogenen Daten auch an dritte Unternehmen oder beauftragte Dienstleister im Ausland, insbesondere in Europa und den USA, \u00fcbertragen, sofern dies f\u00fcr die in dieser Datenschutzerkl\u00e4rung beschriebenen Datenbearbeitungen zweckm\u00e4ssig ist. Diese sind im gleichen Umfang wie wir selbst zum Datenschutz verpflichtet. Wenn das Datenschutzniveau in einem Land nicht dem schweizerischen entspricht, stellen wir vertraglich sicher, dass der Schutz Ihrer personenbezogenen Daten demjenigen in der Schweiz jederzeit entspricht. Dies stellen wir durch das Abschliessen von EU Model Clauses oder anderen durch den Eidgen\u00f6ssischen Datenschutz- und \u00d6ffentlichkeitsbeauftragten genehmigten Vertr\u00e4ge mit den beauftragten Dienstleistern sicher.<\/p>\n<h2 id=\"term_7\">Dauer der Speicherung Ihrer Daten<\/h2>\t\n<p>Wir bewahren Ihre Daten nur so lange auf, wie es rechtlich oder entsprechend dem Bearbeitungszweck notwendig ist, insbesondere zur Erf\u00fcllung des Auftrags oder Vertrags sowie zur Einhaltung gesetzlicher Pflichten. <\/p>\n<p>Bei Analysen Ihrer Daten speichern wir Ihre Daten so lange, bis die Analyse abgeschlossen ist oder Sie der weiteren Bearbeitung widersprochen haben. Speichern wir Daten aufgrund einer Vertragsbeziehung mit Ihnen, bleiben diese Daten mindestens so lange gespeichert wie die Vertragsbeziehung besteht und l\u00e4ngstens so lange Verj\u00e4hrungsfristen f\u00fcr m\u00f6gliche Anspr\u00fcche von uns laufen oder gesetzliche oder vertragliche Aufbewahrungspflichten bestehen. <\/p>\n<p>Die Inhalte des Kontaktformulars und die folgende E-Mail-Korrespondenz m\u00fcssen von uns w\u00e4hrend sechs Monaten von Gesetzes wegen aufbewahrt werden.<\/p>\n<p>Es folgt eine L\u00f6schung, sofern wir Ihre Daten nicht mehr f\u00fcr die angegebenen Bearbeitungszwecke ben\u00f6tigen und auch gesetzlich nicht mehr verpflichtet sind, sie aufzubewahren.<\/p>\n<h2 id=\"term_8\">Schutz Ihrer Daten<\/h2>\t\n<p>Wir treffen geeignete technische und organisatorische Vorkehrungen, um Ihre Daten gewissenhaft vor Verlust, Zerst\u00f6rung, Verf\u00e4lschung, Manipulation oder unberechtigtem Zugriff zu sch\u00fctzen. Wir betreiben sichere Datennetze, die den jeweils geltenden technischen Standards entsprechen. Unsere Sicherheitsmassnahmen werden entsprechend der technologischen Entwicklung fortlaufend angepasst und verbessert.<\/p>\n<p>Unsere Mitarbeiter und die von uns beauftragten Dienstleistungsunternehmen sind von uns zur Verschwiegenheit und zur Einhaltung der datenschutzrechtlichen Bestimmungen verpflichtet worden.<\/p>\n<h2 id=\"term_9\">Ihre Rechte als Benutzer unserer Webseite<\/h2>\n<p>Gem\u00e4ss den anwendbaren Gesetzen haben Sie verschiedene Rechte hinsichtlich Ihrer Personendaten. Sie k\u00f6nnen bei unserer datenschutzbeauftragten Person folgende Rechte geltend machen:<\/p>\n<ul>\n\t<li>Auskunft \u00fcber Ihre gespeicherten Daten und die damit verbundene Bearbeitung<\/li>\n\t<li>Berichtigung falscher von Personendaten<\/li>\n\t<li>L\u00f6schung Ihrer gespeicherten Daten<\/li>\n\t<li>Einschr\u00e4nkung der Datenbearbeitung, sofern wir Ihre Daten aufgrund gesetzlicher Pflichten noch nicht l\u00f6schen d\u00fcrfen<\/li>\n\t<li>Widerspruch gegen die Bearbeitung Ihrer Daten<\/li>\n\t<li>Daten\u00fcbertragbarkeit, d. h. Erhalt der gespeicherten Daten in einem maschinenlesbaren Format, sofern Sie in die Datenbearbeitung eingewilligt oder einen Vertrag mit uns abgeschlossen haben.<\/li>\n<\/ul>\n<p>Bitte beachten Sie, dass die Gew\u00e4hrung Ihrer Rechte teilweise aus gesetzlichen Gr\u00fcnden oder gest\u00fctzt auf das Datenschutzrecht verweigert oder eingeschr\u00e4nkt werden kann. Wir werden Sie, wenn rechtlich erforderlich bzw. erlaubt, \u00fcber die Gr\u00fcnde f\u00fcr unseren Entscheid informieren.<\/p>\n<h2 id=\"term_10\">Verantwortung<\/h2>\n<p>Verantwortlich f\u00fcr die Erhebung, Bearbeitung und Nutzung Ihrer Personendaten ist:<\/p>\n<p>\n\tGroupe SF Immo SA\n\n\t\t<br>Route de la Fonderie 2\n\n\n\t\t<br>1700 Fribourg\n\n\t\t<br>Suisse\n<\/p>\n\n<p>Die Datenschutzbeauftragte Person ist:<\/p>\n<p>J\u00e9r\u00f4me Favre <a href=\"mailto:info@groupe-sfimmo.ch\">info@groupe-sfimmo.ch<\/a><\/p>\n\n<p>Falls Sie der Erhebung, Bearbeitung oder Nutzung Ihrer Daten durch uns nach Massgabe dieser Datenschutzbestimmungen insgesamt oder in Bezug auf einzelne Massnahmen widersprechen wollen, k\u00f6nnen Sie Ihren Widerspruch an die verantwortliche Person richten.<\/p>\n\n\n\n\n<\/div>","protected":false},"excerpt":{"rendered":"<p>Datenschutz Datenschutzerkl\u00e4rung Bearbeitung von Personendaten Daten, welche direkt von uns erhoben werden Anfrageformulare Erfassung eines Immobiliensuchprofils Registrierung f\u00fcr den Newsletter Datenerhebung bei Bewerbungen Daten, welche durch Dienstleistungen Dritter erhoben werden Cookies Verwendung von Google Analytics Verwendung von Scriptbibliotheken Verwendung von Google Maps Verwendung von Social Plugins Weitergabe Ihrer Daten an Dritte \u00dcbermittlung personenbezogener Daten ins [&hellip;]<\/p>\n","protected":false},"author":1,"featured_media":0,"parent":0,"menu_order":0,"comment_status":"closed","ping_status":"closed","template":"container-page.php","meta":{"_acf_changed":false,"inline_featured_image":false,"footnotes":""},"class_list":["post-15","page","type-page","status-publish","hentry"],"acf":[],"yoast_head":"<!-- This site is optimized with the Yoast SEO plugin v27.4 - https:\/\/yoast.com\/product\/yoast-seo-wordpress\/ -->\n<title>Datenschutz - Groupe SF Immo<\/title>\n<meta name=\"robots\" content=\"index, follow, max-snippet:-1, max-image-preview:large, max-video-preview:-1\" \/>\n<link rel=\"canonical\" href=\"https:\/\/groupe-sfimmo.ch\/de\/datenschutz\/\" \/>\n<meta property=\"og:locale\" content=\"de_DE\" \/>\n<meta property=\"og:type\" content=\"article\" \/>\n<meta property=\"og:title\" content=\"Datenschutz - Groupe SF Immo\" \/>\n<meta property=\"og:description\" content=\"Datenschutz Datenschutzerkl\u00e4rung Bearbeitung von Personendaten Daten, welche direkt von uns erhoben werden Anfrageformulare Erfassung eines Immobiliensuchprofils Registrierung f\u00fcr den Newsletter Datenerhebung bei Bewerbungen Daten, welche durch Dienstleistungen Dritter erhoben werden Cookies Verwendung von Google Analytics Verwendung von Scriptbibliotheken Verwendung von Google Maps Verwendung von Social Plugins Weitergabe Ihrer Daten an Dritte \u00dcbermittlung personenbezogener Daten ins [&hellip;]\" \/>\n<meta property=\"og:url\" content=\"https:\/\/groupe-sfimmo.ch\/de\/datenschutz\/\" \/>\n<meta property=\"og:site_name\" content=\"Groupe SF Immo\" \/>\n<meta property=\"article:modified_time\" content=\"2024-08-21T14:43:31+00:00\" \/>\n<meta name=\"twitter:card\" content=\"summary_large_image\" \/>\n<script type=\"application\/ld+json\" class=\"yoast-schema-graph\">{\"@context\":\"https:\\\/\\\/schema.org\",\"@graph\":[{\"@type\":\"WebPage\",\"@id\":\"https:\\\/\\\/groupe-sfimmo.ch\\\/de\\\/datenschutz\\\/\",\"url\":\"https:\\\/\\\/groupe-sfimmo.ch\\\/de\\\/datenschutz\\\/\",\"name\":\"Datenschutz - Groupe SF Immo\",\"isPartOf\":{\"@id\":\"https:\\\/\\\/groupe-sfimmo.ch\\\/de\\\/#website\"},\"datePublished\":\"2024-06-13T09:06:24+00:00\",\"dateModified\":\"2024-08-21T14:43:31+00:00\",\"inLanguage\":\"de\",\"potentialAction\":[{\"@type\":\"ReadAction\",\"target\":[\"https:\\\/\\\/groupe-sfimmo.ch\\\/de\\\/datenschutz\\\/\"]}]},{\"@type\":\"WebSite\",\"@id\":\"https:\\\/\\\/groupe-sfimmo.ch\\\/de\\\/#website\",\"url\":\"https:\\\/\\\/groupe-sfimmo.ch\\\/de\\\/\",\"name\":\"Groupe SF Immo\",\"description\":\"\",\"publisher\":{\"@id\":\"https:\\\/\\\/groupe-sfimmo.ch\\\/de\\\/#organization\"},\"potentialAction\":[{\"@type\":\"SearchAction\",\"target\":{\"@type\":\"EntryPoint\",\"urlTemplate\":\"https:\\\/\\\/groupe-sfimmo.ch\\\/de\\\/?s={search_term_string}\"},\"query-input\":{\"@type\":\"PropertyValueSpecification\",\"valueRequired\":true,\"valueName\":\"search_term_string\"}}],\"inLanguage\":\"de\"},{\"@type\":\"Organization\",\"@id\":\"https:\\\/\\\/groupe-sfimmo.ch\\\/de\\\/#organization\",\"name\":\"Groupe SF Immo\",\"url\":\"https:\\\/\\\/groupe-sfimmo.ch\\\/de\\\/\",\"logo\":{\"@type\":\"ImageObject\",\"inLanguage\":\"de\",\"@id\":\"https:\\\/\\\/groupe-sfimmo.ch\\\/de\\\/#\\\/schema\\\/logo\\\/image\\\/\",\"url\":\"https:\\\/\\\/groupe-sfimmo.ch\\\/wp-content\\\/uploads\\\/sites\\\/37\\\/2025\\\/09\\\/25_Groupe-SF-Immo-SA-1.svg\",\"contentUrl\":\"https:\\\/\\\/groupe-sfimmo.ch\\\/wp-content\\\/uploads\\\/sites\\\/37\\\/2025\\\/09\\\/25_Groupe-SF-Immo-SA-1.svg\",\"width\":1317,\"height\":451,\"caption\":\"Groupe SF Immo\"},\"image\":{\"@id\":\"https:\\\/\\\/groupe-sfimmo.ch\\\/de\\\/#\\\/schema\\\/logo\\\/image\\\/\"}}]}<\/script>\n<!-- \/ Yoast SEO plugin. -->","yoast_head_json":{"title":"Datenschutz - Groupe SF Immo","robots":{"index":"index","follow":"follow","max-snippet":"max-snippet:-1","max-image-preview":"max-image-preview:large","max-video-preview":"max-video-preview:-1"},"canonical":"https:\/\/groupe-sfimmo.ch\/de\/datenschutz\/","og_locale":"de_DE","og_type":"article","og_title":"Datenschutz - Groupe SF Immo","og_description":"Datenschutz Datenschutzerkl\u00e4rung Bearbeitung von Personendaten Daten, welche direkt von uns erhoben werden Anfrageformulare Erfassung eines Immobiliensuchprofils Registrierung f\u00fcr den Newsletter Datenerhebung bei Bewerbungen Daten, welche durch Dienstleistungen Dritter erhoben werden Cookies Verwendung von Google Analytics Verwendung von Scriptbibliotheken Verwendung von Google Maps Verwendung von Social Plugins Weitergabe Ihrer Daten an Dritte \u00dcbermittlung personenbezogener Daten ins [&hellip;]","og_url":"https:\/\/groupe-sfimmo.ch\/de\/datenschutz\/","og_site_name":"Groupe SF Immo","article_modified_time":"2024-08-21T14:43:31+00:00","twitter_card":"summary_large_image","schema":{"@context":"https:\/\/schema.org","@graph":[{"@type":"WebPage","@id":"https:\/\/groupe-sfimmo.ch\/de\/datenschutz\/","url":"https:\/\/groupe-sfimmo.ch\/de\/datenschutz\/","name":"Datenschutz - Groupe SF Immo","isPartOf":{"@id":"https:\/\/groupe-sfimmo.ch\/de\/#website"},"datePublished":"2024-06-13T09:06:24+00:00","dateModified":"2024-08-21T14:43:31+00:00","inLanguage":"de","potentialAction":[{"@type":"ReadAction","target":["https:\/\/groupe-sfimmo.ch\/de\/datenschutz\/"]}]},{"@type":"WebSite","@id":"https:\/\/groupe-sfimmo.ch\/de\/#website","url":"https:\/\/groupe-sfimmo.ch\/de\/","name":"Groupe SF Immo","description":"","publisher":{"@id":"https:\/\/groupe-sfimmo.ch\/de\/#organization"},"potentialAction":[{"@type":"SearchAction","target":{"@type":"EntryPoint","urlTemplate":"https:\/\/groupe-sfimmo.ch\/de\/?s={search_term_string}"},"query-input":{"@type":"PropertyValueSpecification","valueRequired":true,"valueName":"search_term_string"}}],"inLanguage":"de"},{"@type":"Organization","@id":"https:\/\/groupe-sfimmo.ch\/de\/#organization","name":"Groupe SF Immo","url":"https:\/\/groupe-sfimmo.ch\/de\/","logo":{"@type":"ImageObject","inLanguage":"de","@id":"https:\/\/groupe-sfimmo.ch\/de\/#\/schema\/logo\/image\/","url":"https:\/\/groupe-sfimmo.ch\/wp-content\/uploads\/sites\/37\/2025\/09\/25_Groupe-SF-Immo-SA-1.svg","contentUrl":"https:\/\/groupe-sfimmo.ch\/wp-content\/uploads\/sites\/37\/2025\/09\/25_Groupe-SF-Immo-SA-1.svg","width":1317,"height":451,"caption":"Groupe SF Immo"},"image":{"@id":"https:\/\/groupe-sfimmo.ch\/de\/#\/schema\/logo\/image\/"}}]}},"_links":{"self":[{"href":"https:\/\/groupe-sfimmo.ch\/de\/wp-json\/wp\/v2\/pages\/15","targetHints":{"allow":["GET"]}}],"collection":[{"href":"https:\/\/groupe-sfimmo.ch\/de\/wp-json\/wp\/v2\/pages"}],"about":[{"href":"https:\/\/groupe-sfimmo.ch\/de\/wp-json\/wp\/v2\/types\/page"}],"author":[{"embeddable":true,"href":"https:\/\/groupe-sfimmo.ch\/de\/wp-json\/wp\/v2\/users\/1"}],"replies":[{"embeddable":true,"href":"https:\/\/groupe-sfimmo.ch\/de\/wp-json\/wp\/v2\/comments?post=15"}],"version-history":[{"count":0,"href":"https:\/\/groupe-sfimmo.ch\/de\/wp-json\/wp\/v2\/pages\/15\/revisions"}],"wp:attachment":[{"href":"https:\/\/groupe-sfimmo.ch\/de\/wp-json\/wp\/v2\/media?parent=15"}],"curies":[{"name":"wp","href":"https:\/\/api.w.org\/{rel}","templated":true}]}}